{"id":44118,"date":"2026-01-26T13:23:29","date_gmt":"2026-01-26T13:23:29","guid":{"rendered":"https:\/\/www.immovess.es\/politica-de-cookies\/"},"modified":"2026-01-28T09:12:34","modified_gmt":"2026-01-28T09:12:34","slug":"politique-de-cookies","status":"publish","type":"page","link":"https:\/\/www.immovess.es\/fr\/politique-de-cookies\/","title":{"rendered":"Politique de cookies"},"content":{"rendered":"\t\t<div data-elementor-type=\"wp-page\" data-elementor-id=\"44118\" class=\"elementor elementor-44118 elementor-43914\">\n\t\t\t\t\t\t<section class=\"elementor-section elementor-top-section elementor-element elementor-element-7c05779 single-content-page elementor-section-boxed elementor-section-height-default elementor-section-height-default wpr-particle-no wpr-jarallax-no wpr-parallax-no wpr-sticky-section-no\" data-id=\"7c05779\" data-element_type=\"section\">\n\t\t\t\t\t\t<div class=\"elementor-container elementor-column-gap-default\">\n\t\t\t\t\t<div class=\"elementor-column elementor-col-100 elementor-top-column elementor-element elementor-element-8fe9974\" data-id=\"8fe9974\" data-element_type=\"column\">\n\t\t\t<div class=\"elementor-widget-wrap elementor-element-populated\">\n\t\t\t\t\t\t<div class=\"elementor-element elementor-element-a0a78e2 elementor-widget elementor-widget-text-editor\" data-id=\"a0a78e2\" data-element_type=\"widget\" data-widget_type=\"text-editor.default\">\n\t\t\t\t<div class=\"elementor-widget-container\">\n\t\t\t\t\t\t\t\t\t<h2>POLITIQUE DE COOKIES<\/h2><h4>www.immmovess.es<\/h4><p>L\u2019acc\u00e8s \u00e0 ce Site Web peut impliquer l\u2019utilisation de cookies. Les cookies sont de petites quantit\u00e9s d\u2019informations stock\u00e9es dans le navigateur utilis\u00e9 par chaque Utilisateur \u2014 sur les diff\u00e9rents appareils qu\u2019il peut utiliser pour naviguer \u2014 afin que le serveur puisse m\u00e9moriser certaines informations qui seront ensuite lues exclusivement par le serveur qui les a impl\u00e9ment\u00e9es. Les cookies facilitent la navigation, la rendent plus conviviale et n\u2019endommagent pas l\u2019appareil de navigation.<br \/>Les cookies sont des proc\u00e9dures automatiques de collecte d\u2019informations relatives aux pr\u00e9f\u00e9rences d\u00e9termin\u00e9es par l\u2019Utilisateur lors de sa visite sur le Site Web, afin de le reconna\u00eetre en tant qu\u2019Utilisateur et de personnaliser son exp\u00e9rience et l\u2019utilisation du Site Web. Ils peuvent \u00e9galement, par exemple, aider \u00e0 identifier et r\u00e9soudre des erreurs.<\/p><p>Les informations collect\u00e9es via les cookies peuvent inclure la date et l\u2019heure des visites sur le Site Web, les pages consult\u00e9es, le temps pass\u00e9 sur le Site Web et les sites visit\u00e9s juste avant et apr\u00e8s celui-ci. Toutefois, aucun cookie ne permet de contacter l\u2019Utilisateur par son num\u00e9ro de t\u00e9l\u00e9phone ou tout autre moyen de contact personnel. Aucun cookie ne peut extraire des informations du disque dur de l\u2019Utilisateur ni voler des informations personnelles. La seule mani\u00e8re pour que les informations priv\u00e9es de l\u2019Utilisateur fassent partie du fichier cookie est que l\u2019Utilisateur fournisse personnellement ces informations au serveur.<\/p><p>Les cookies permettant d\u2019identifier une personne sont consid\u00e9r\u00e9s comme des donn\u00e9es personnelles. Par cons\u00e9quent, la Politique de Confidentialit\u00e9 d\u00e9crite pr\u00e9c\u00e9demment leur sera applicable. \u00c0 cet \u00e9gard, l\u2019utilisation de ces cookies n\u00e9cessite le consentement de l\u2019Utilisateur. Ce consentement sera communiqu\u00e9 sur la base d\u2019un choix r\u00e9el, exprim\u00e9 par une d\u00e9cision affirmative et positive, avant le traitement initial, r\u00e9vocable et document\u00e9.<\/p><div class=\"\"><h4>Cookies propres<\/h4><p>Il s\u2019agit de cookies envoy\u00e9s \u00e0 l\u2019ordinateur ou \u00e0 l\u2019appareil de l\u2019Utilisateur et g\u00e9r\u00e9s exclusivement par <span class=\"blanc-space ng-binding\">immovess<\/span> pour le bon fonctionnement du Site Web. Les informations collect\u00e9es sont utilis\u00e9es pour am\u00e9liorer la qualit\u00e9 du Site Web, de son Contenu et l\u2019exp\u00e9rience Utilisateur. Ces cookies permettent de reconna\u00eetre l\u2019Utilisateur comme visiteur r\u00e9current et d\u2019adapter le contenu \u00e0 ses pr\u00e9f\u00e9rences.<\/p><\/div><div class=\"thirdCookies\"><h4>Cookies de tiers<\/h4><p>Il s\u2019agit de cookies utilis\u00e9s et g\u00e9r\u00e9s par des entit\u00e9s externes qui fournissent \u00e0 <span class=\"blanc-space ng-binding\">immovess<\/span> des services destin\u00e9s \u00e0 am\u00e9liorer le Site Web et l\u2019exp\u00e9rience de navigation de l\u2019Utilisateur. Les principaux objectifs des cookies de tiers sont l\u2019obtention de statistiques d\u2019acc\u00e8s et l\u2019analyse des informations de navigation, c\u2019est-\u00e0-dire la mani\u00e8re dont l\u2019Utilisateur interagit avec le Site Web.<\/p><p>Les informations obtenues concernent, par exemple, le nombre de pages visit\u00e9es, la langue, le lieu associ\u00e9 \u00e0 l\u2019adresse IP depuis laquelle l\u2019Utilisateur acc\u00e8de, le nombre d\u2019Utilisateurs, la fr\u00e9quence et la r\u00e9currence des visites, le temps de visite, le navigateur utilis\u00e9, l\u2019op\u00e9rateur ou le type d\u2019appareil utilis\u00e9. Ces informations sont utilis\u00e9es pour am\u00e9liorer le Site Web et d\u00e9tecter de nouveaux besoins afin d\u2019offrir aux Utilisateurs un Contenu et\/ou des services de qualit\u00e9 optimale. Dans tous les cas, les informations sont collect\u00e9es de mani\u00e8re anonyme et des rapports de tendances sont \u00e9labor\u00e9s sans identifier les utilisateurs individuellement.<\/p><p>Vous pouvez obtenir plus d\u2019informations sur les cookies, la confidentialit\u00e9 ou consulter la description des types de cookies utilis\u00e9s, leurs principales caract\u00e9ristiques, leur dur\u00e9e d\u2019expiration, etc. via le(s) lien(s) suivant(s) :<\/p><p class=\"text-wrap ng-binding\">google analytics ionos facebook youtube instagram<\/p><p>La ou les entit\u00e9s charg\u00e9es de la fourniture des cookies peuvent transmettre ces informations \u00e0 des tiers lorsque la loi l\u2019exige ou lorsqu\u2019un tiers traite ces informations pour leur compte.<\/p><\/div><div class=\"\"><h4>Cookies des r\u00e9seaux sociaux<\/h4><p><span class=\"blanc-space ng-binding\">immovess<\/span> int\u00e8gre des plugins de r\u00e9seaux sociaux permettant d\u2019y acc\u00e9der depuis le Site Web. Pour cette raison, les cookies des r\u00e9seaux sociaux peuvent \u00eatre stock\u00e9s dans le navigateur de l\u2019Utilisateur. Les propri\u00e9taires de ces r\u00e9seaux sociaux disposent de leurs propres politiques de protection des donn\u00e9es et de cookies et sont responsables de leurs propres fichiers et pratiques de confidentialit\u00e9. L\u2019Utilisateur doit s\u2019y r\u00e9f\u00e9rer pour obtenir des informations sur ces cookies et, le cas \u00e9ch\u00e9ant, sur le traitement de ses donn\u00e9es personnelles. \u00c0 titre purement informatif, les liens permettant de consulter ces politiques sont indiqu\u00e9s ci-dessous :<\/p><ul><li>Facebook: <a class=\"text-info\" href=\"https:\/\/www.facebook.com\/policies\/cookies\/\">https:\/\/www.facebook.com\/policies\/cookies\/<\/a><\/li><li>Twitter: <a class=\"text-info\" href=\"https:\/\/twitter.com\/es\/privacy\">https:\/\/twitter.com\/es\/privacy<\/a><\/li><li>Instagram: <a class=\"text-info\" href=\"https:\/\/help.instagram.com\/1896641480634370?ref=ig\">https:\/\/help.instagram.com\/1896641480634370?ref=ig<\/a><\/li><li>YouTube: <a class=\"text-info\" href=\"https:\/\/policies.google.com\/privacy?hl=es-419&amp;gl=mx\">https:\/\/policies.google.com\/privacy?hl=es-419&amp;gl=mx<\/a><\/li><li>Pinterest: <a class=\"text-info\" href=\"https:\/\/policy.pinterest.com\/es\/privacy-policy\">https:\/\/policy.pinterest.com\/es\/privacy-policy<\/a><\/li><li>LinkedIn: <a class=\"text-info\" href=\"https:\/\/www.linkedin.com\/legal\/cookie-policy?trk=hp-cookies\">https:\/\/www.linkedin.com\/legal\/cookie-policy?trk=hp-cookies<\/a><\/li><\/ul><\/div><h4>D\u00e9sactiver, refuser et supprimer les cookies<\/h4><p>L\u2019Utilisateur peut d\u00e9sactiver, refuser et supprimer les cookies \u2014 totalement ou partiellement \u2014 install\u00e9s sur son appareil via les param\u00e8tres de son navigateur (notamment Chrome, Firefox, Safari, Explorer). Les proc\u00e9dures de refus et de suppression des cookies peuvent varier selon le navigateur. L\u2019Utilisateur doit donc consulter les instructions fournies par le navigateur qu\u2019il utilise. En cas de refus total ou partiel des cookies, l\u2019Utilisateur pourra continuer \u00e0 utiliser le Site Web, mais certaines fonctionnalit\u00e9s pourront \u00eatre limit\u00e9es.<\/p><p>Ce document de Politique de Cookies a \u00e9t\u00e9 cr\u00e9\u00e9 \u00e0 l\u2019aide du g\u00e9n\u00e9rateur en ligne <a class=\"text-body text-decoration-none\" href=\"https:\/\/textos-legales.edgartamarit.com\/\">mod\u00e8le gratuit de politique de cookies<\/a> le 26\/01\/2026.<\/p>\t\t\t\t\t\t\t\t<\/div>\n\t\t\t\t<\/div>\n\t\t\t\t\t<\/div>\n\t\t<\/div>\n\t\t\t\t\t<\/div>\n\t\t<\/section>\n\t\t\t\t<\/div>\n\t\t","protected":false},"excerpt":{"rendered":"<p>POLITIQUE DE COOKIES www.immmovess.es L\u2019acc\u00e8s \u00e0 ce Site Web peut impliquer l\u2019utilisation de cookies. Les cookies sont de petites quantit\u00e9s d\u2019informations stock\u00e9es dans le navigateur utilis\u00e9 par chaque Utilisateur \u2014 sur les diff\u00e9rents appareils qu\u2019il peut utiliser pour naviguer \u2014 afin que le serveur puisse m\u00e9moriser certaines informations qui seront ensuite lues exclusivement par le serveur qui les a impl\u00e9ment\u00e9es. Les cookies facilitent la &#8230;<\/p>\n","protected":false},"author":1,"featured_media":0,"parent":0,"menu_order":0,"comment_status":"closed","ping_status":"closed","template":"","meta":{"_eb_attr":"","inline_featured_image":false,"_monsterinsights_skip_tracking":false,"_monsterinsights_sitenote_active":false,"_monsterinsights_sitenote_note":"","_monsterinsights_sitenote_category":0,"footnotes":""},"class_list":["post-44118","page","type-page","status-publish","hentry"],"yoast_head":"<!-- This site is optimized with the Yoast SEO plugin v26.6 - https:\/\/yoast.com\/wordpress\/plugins\/seo\/ -->\n<title>Politique de cookies - immovess<\/title>\n<meta name=\"robots\" content=\"index, follow, max-snippet:-1, max-image-preview:large, max-video-preview:-1\" \/>\n<link rel=\"canonical\" href=\"https:\/\/www.immovess.es\/fr\/politique-de-cookies\/\" \/>\n<meta property=\"og:locale\" content=\"fr_FR\" \/>\n<meta property=\"og:type\" content=\"article\" \/>\n<meta property=\"og:title\" content=\"Politique de cookies - immovess\" \/>\n<meta property=\"og:description\" content=\"POLITIQUE DE COOKIES www.immmovess.es L\u2019acc\u00e8s \u00e0 ce Site Web peut impliquer l\u2019utilisation de cookies. Les cookies sont de petites quantit\u00e9s d\u2019informations stock\u00e9es dans le navigateur utilis\u00e9 par chaque Utilisateur \u2014 sur les diff\u00e9rents appareils qu\u2019il peut utiliser pour naviguer \u2014 afin que le serveur puisse m\u00e9moriser certaines informations qui seront ensuite lues exclusivement par le serveur qui les a impl\u00e9ment\u00e9es. Les cookies facilitent la ...\" \/>\n<meta property=\"og:url\" content=\"https:\/\/www.immovess.es\/fr\/politique-de-cookies\/\" \/>\n<meta property=\"og:site_name\" content=\"immovess\" \/>\n<meta property=\"article:modified_time\" content=\"2026-01-28T09:12:34+00:00\" \/>\n<meta name=\"twitter:card\" content=\"summary_large_image\" \/>\n<script type=\"application\/ld+json\" class=\"yoast-schema-graph\">{\"@context\":\"https:\/\/schema.org\",\"@graph\":[{\"@type\":\"WebPage\",\"@id\":\"https:\/\/www.immovess.es\/fr\/politique-de-cookies\/\",\"url\":\"https:\/\/www.immovess.es\/fr\/politique-de-cookies\/\",\"name\":\"Politique de cookies - immovess\",\"isPartOf\":{\"@id\":\"https:\/\/www.immovess.es\/fr\/#website\"},\"datePublished\":\"2026-01-26T13:23:29+00:00\",\"dateModified\":\"2026-01-28T09:12:34+00:00\",\"breadcrumb\":{\"@id\":\"https:\/\/www.immovess.es\/fr\/politique-de-cookies\/#breadcrumb\"},\"inLanguage\":\"fr-FR\",\"potentialAction\":[{\"@type\":\"ReadAction\",\"target\":[\"https:\/\/www.immovess.es\/fr\/politique-de-cookies\/\"]}]},{\"@type\":\"BreadcrumbList\",\"@id\":\"https:\/\/www.immovess.es\/fr\/politique-de-cookies\/#breadcrumb\",\"itemListElement\":[{\"@type\":\"ListItem\",\"position\":1,\"name\":\"Portada\",\"item\":\"https:\/\/www.immovess.es\/fr\/\"},{\"@type\":\"ListItem\",\"position\":2,\"name\":\"Politique de cookies\"}]},{\"@type\":\"WebSite\",\"@id\":\"https:\/\/www.immovess.es\/fr\/#website\",\"url\":\"https:\/\/www.immovess.es\/fr\/\",\"name\":\"immovess\",\"description\":\"\",\"potentialAction\":[{\"@type\":\"SearchAction\",\"target\":{\"@type\":\"EntryPoint\",\"urlTemplate\":\"https:\/\/www.immovess.es\/fr\/?s={search_term_string}\"},\"query-input\":{\"@type\":\"PropertyValueSpecification\",\"valueRequired\":true,\"valueName\":\"search_term_string\"}}],\"inLanguage\":\"fr-FR\"}]}<\/script>\n<!-- \/ Yoast SEO plugin. -->","yoast_head_json":{"title":"Politique de cookies - immovess","robots":{"index":"index","follow":"follow","max-snippet":"max-snippet:-1","max-image-preview":"max-image-preview:large","max-video-preview":"max-video-preview:-1"},"canonical":"https:\/\/www.immovess.es\/fr\/politique-de-cookies\/","og_locale":"fr_FR","og_type":"article","og_title":"Politique de cookies - immovess","og_description":"POLITIQUE DE COOKIES www.immmovess.es L\u2019acc\u00e8s \u00e0 ce Site Web peut impliquer l\u2019utilisation de cookies. Les cookies sont de petites quantit\u00e9s d\u2019informations stock\u00e9es dans le navigateur utilis\u00e9 par chaque Utilisateur \u2014 sur les diff\u00e9rents appareils qu\u2019il peut utiliser pour naviguer \u2014 afin que le serveur puisse m\u00e9moriser certaines informations qui seront ensuite lues exclusivement par le serveur qui les a impl\u00e9ment\u00e9es. Les cookies facilitent la ...","og_url":"https:\/\/www.immovess.es\/fr\/politique-de-cookies\/","og_site_name":"immovess","article_modified_time":"2026-01-28T09:12:34+00:00","twitter_card":"summary_large_image","schema":{"@context":"https:\/\/schema.org","@graph":[{"@type":"WebPage","@id":"https:\/\/www.immovess.es\/fr\/politique-de-cookies\/","url":"https:\/\/www.immovess.es\/fr\/politique-de-cookies\/","name":"Politique de cookies - immovess","isPartOf":{"@id":"https:\/\/www.immovess.es\/fr\/#website"},"datePublished":"2026-01-26T13:23:29+00:00","dateModified":"2026-01-28T09:12:34+00:00","breadcrumb":{"@id":"https:\/\/www.immovess.es\/fr\/politique-de-cookies\/#breadcrumb"},"inLanguage":"fr-FR","potentialAction":[{"@type":"ReadAction","target":["https:\/\/www.immovess.es\/fr\/politique-de-cookies\/"]}]},{"@type":"BreadcrumbList","@id":"https:\/\/www.immovess.es\/fr\/politique-de-cookies\/#breadcrumb","itemListElement":[{"@type":"ListItem","position":1,"name":"Portada","item":"https:\/\/www.immovess.es\/fr\/"},{"@type":"ListItem","position":2,"name":"Politique de cookies"}]},{"@type":"WebSite","@id":"https:\/\/www.immovess.es\/fr\/#website","url":"https:\/\/www.immovess.es\/fr\/","name":"immovess","description":"","potentialAction":[{"@type":"SearchAction","target":{"@type":"EntryPoint","urlTemplate":"https:\/\/www.immovess.es\/fr\/?s={search_term_string}"},"query-input":{"@type":"PropertyValueSpecification","valueRequired":true,"valueName":"search_term_string"}}],"inLanguage":"fr-FR"}]}},"rttpg_featured_image_url":null,"rttpg_author":{"display_name":"a_immovess_251","author_link":"https:\/\/www.immovess.es\/fr\/author\/a_immovess_251\/"},"rttpg_comment":0,"rttpg_category":" <a href=\"https:\/\/www.immovess.es\/fr\/?taxonomy=translation_priority&#038;term=facultatif\" rel=\"tag\">Facultatif<\/a>","rttpg_excerpt":"POLITIQUE DE COOKIES www.immmovess.es L\u2019acc\u00e8s \u00e0 ce Site Web peut impliquer l\u2019utilisation de cookies. Les cookies sont de petites quantit\u00e9s d\u2019informations stock\u00e9es dans le navigateur utilis\u00e9 par chaque Utilisateur \u2014 sur les diff\u00e9rents appareils qu\u2019il peut utiliser pour naviguer \u2014 afin que le serveur puisse m\u00e9moriser certaines informations qui seront ensuite lues exclusivement par le\u2026","_links":{"self":[{"href":"https:\/\/www.immovess.es\/fr\/wp-json\/wp\/v2\/pages\/44118","targetHints":{"allow":["GET"]}}],"collection":[{"href":"https:\/\/www.immovess.es\/fr\/wp-json\/wp\/v2\/pages"}],"about":[{"href":"https:\/\/www.immovess.es\/fr\/wp-json\/wp\/v2\/types\/page"}],"author":[{"embeddable":true,"href":"https:\/\/www.immovess.es\/fr\/wp-json\/wp\/v2\/users\/1"}],"replies":[{"embeddable":true,"href":"https:\/\/www.immovess.es\/fr\/wp-json\/wp\/v2\/comments?post=44118"}],"version-history":[{"count":5,"href":"https:\/\/www.immovess.es\/fr\/wp-json\/wp\/v2\/pages\/44118\/revisions"}],"predecessor-version":[{"id":44138,"href":"https:\/\/www.immovess.es\/fr\/wp-json\/wp\/v2\/pages\/44118\/revisions\/44138"}],"wp:attachment":[{"href":"https:\/\/www.immovess.es\/fr\/wp-json\/wp\/v2\/media?parent=44118"}],"curies":[{"name":"wp","href":"https:\/\/api.w.org\/{rel}","templated":true}]}}