{"id":36727,"date":"2025-12-23T15:27:10","date_gmt":"2025-12-23T15:27:10","guid":{"rendered":"https:\/\/www.immovess.es\/politica-de-privacidad\/"},"modified":"2026-01-27T07:59:03","modified_gmt":"2026-01-27T07:59:03","slug":"politique-de-confidentialite","status":"publish","type":"page","link":"https:\/\/www.immovess.es\/fr\/politique-de-confidentialite\/","title":{"rendered":"Politique de confidentialit\u00e9"},"content":{"rendered":"\t\t<div data-elementor-type=\"wp-page\" data-elementor-id=\"36727\" class=\"elementor elementor-36727 elementor-33559\">\n\t\t\t\t\t\t<section class=\"elementor-section elementor-top-section elementor-element elementor-element-a95b308 single-content-page elementor-section-boxed elementor-section-height-default elementor-section-height-default wpr-particle-no wpr-jarallax-no wpr-parallax-no wpr-sticky-section-no\" data-id=\"a95b308\" data-element_type=\"section\">\n\t\t\t\t\t\t<div class=\"elementor-container elementor-column-gap-default\">\n\t\t\t\t\t<div class=\"elementor-column elementor-col-100 elementor-top-column elementor-element elementor-element-e3e7d91\" data-id=\"e3e7d91\" data-element_type=\"column\">\n\t\t\t<div class=\"elementor-widget-wrap elementor-element-populated\">\n\t\t\t\t\t\t<div class=\"elementor-element elementor-element-1b000bc elementor-widget elementor-widget-text-editor\" data-id=\"1b000bc\" data-element_type=\"widget\" data-widget_type=\"text-editor.default\">\n\t\t\t\t<div class=\"elementor-widget-container\">\n\t\t\t\t\t\t\t\t\t<h2>POLITIQUE DE CONFIDENTIALIT\u00c9 DU SITE WEB<\/h2><h4 style=\"text-align: left;\"><span class=\"blanc-space ng-binding\">www.immovess.es<\/span><\/h4><h4>I. POLITIQUE DE CONFIDENTIALIT\u00c9 ET PROTECTION DES DONN\u00c9ES<\/h4><p>Conform\u00e9ment \u00e0 la l\u00e9gislation en vigueur, <span class=\"blanc-space ng-binding\">immovess<\/span> (ci-apr\u00e8s \u00e9galement le Site Web) s\u2019engage \u00e0 adopter les mesures techniques et organisationnelles n\u00e9cessaires, en fonction du niveau de s\u00e9curit\u00e9 appropri\u00e9 au risque des donn\u00e9es collect\u00e9es.<\/p><h4>Lois int\u00e9gr\u00e9es dans cette politique de confidentialit\u00e9<\/h4><p>La pr\u00e9sente politique de confidentialit\u00e9 est adapt\u00e9e \u00e0 la r\u00e9glementation espagnole et europ\u00e9enne en vigueur en mati\u00e8re de protection des donn\u00e9es personnelles sur Internet. Elle respecte notamment les dispositions suivantes :<\/p><ul><li>Le R\u00e8glement (UE) 2016\/679 du Parlement europ\u00e9en et du Conseil du 27 avril 2016 relatif \u00e0 la protection des personnes physiques \u00e0 l\u2019\u00e9gard du traitement des donn\u00e9es \u00e0 caract\u00e8re personnel et \u00e0 la libre circulation de ces donn\u00e9es (RGPD).<\/li><li>La Loi organique 3\/2018 du 5 d\u00e9cembre relative \u00e0 la protection des donn\u00e9es personnelles et \u00e0 la garantie des droits num\u00e9riques (LOPD-GDD).<\/li><li>Le D\u00e9cret royal 1720\/2007 du 21 d\u00e9cembre approuvant le r\u00e8glement d\u2019application de la Loi organique 15\/1999 du 13 d\u00e9cembre relative \u00e0 la protection des donn\u00e9es \u00e0 caract\u00e8re personnel (RDLOPD).<\/li><li>La Loi 34\/2002 du 11 juillet relative aux services de la soci\u00e9t\u00e9 de l\u2019information et au commerce \u00e9lectronique (LSSI-CE).<\/li><\/ul><h4>Identit\u00e9 du responsable du traitement des donn\u00e9es personnelles<\/h4><p class=\"\">Le responsable du traitement des donn\u00e9es personnelles collect\u00e9es sur <span class=\"blanc-space ng-binding\">immovess<\/span> est :<br \/><span class=\"blanc-space ng-binding\">Immovess Consultores Inmobiliarios S.L.U.<\/span>, titulaire du NIF\/CIF : <span class=\"blanc-space ng-binding\">B26628529<\/span>, inscrite au <span class=\"blanc-space ng-binding\">Registre du commerce de Valence<\/span> avec les donn\u00e9es d\u2019enregistrement suivantes :<br \/><span class=\"blanc-space ng-binding\">Feuille V-231565 IRUS : 1000465335877 Tome \u00e9lectronique Folio \u00e9lectronique<\/span>, repr\u00e9sent\u00e9e par <span class=\"blanc-space ng-binding\">Stefan Alram <\/span>(ci-apr\u00e8s, le Responsable du traitement). Les coordonn\u00e9es sont les suivantes :<\/p><p>Adresse : <span class=\"blanc-space ng-binding\">Calle Col\u00f3n 4, 46004 Valencia<\/span><br \/>T\u00e9l\u00e9phone : <span class=\"blanc-space ng-binding\">652527033<\/span><br \/>Email : <span class=\"blanc-space ng-binding\">info@immovess.es<\/span><\/p><h4>Registre des donn\u00e9es \u00e0 caract\u00e8re personnel<\/h4><p>Conform\u00e9ment au RGPD et \u00e0 la LOPD-GDD, nous vous informons que les donn\u00e9es personnelles collect\u00e9es par<br \/><span class=\"blanc-space ng-binding\">immovess<\/span> via les formulaires pr\u00e9sents sur ses pages seront int\u00e9gr\u00e9es et trait\u00e9es dans nos fichiers afin de faciliter, acc\u00e9l\u00e9rer et respecter les engagements \u00e9tablis entre<br \/><span class=\"blanc-space ng-binding\">immovess<\/span> et l\u2019Utilisateur, ou de maintenir la relation \u00e9tablie par les formulaires compl\u00e9t\u00e9s par ce dernier, ou encore de r\u00e9pondre \u00e0 une demande ou une consultation.<br \/>De m\u00eame, conform\u00e9ment au RGPD et \u00e0 la LOPD-GDD, sauf application de l\u2019exception pr\u00e9vue \u00e0 l\u2019article 30.5 du RGPD, un registre des activit\u00e9s de traitement est tenu, pr\u00e9cisant, selon leurs finalit\u00e9s, les activit\u00e9s de traitement effectu\u00e9es et les autres circonstances pr\u00e9vues par le RGPD.<\/p><h4>Principes applicables au traitement des donn\u00e9es personnelles<\/h4><p>Le traitement des donn\u00e9es personnelles de l\u2019Utilisateur est soumis aux principes suivants, \u00e9nonc\u00e9s \u00e0 l\u2019article 5 du RGPD et \u00e0 l\u2019article 4 et suivants de la Loi organique 3\/2018 du 5 d\u00e9cembre :<\/p><ul><li>Principe de lic\u00e9it\u00e9, loyaut\u00e9 et transparence : le consentement de l\u2019Utilisateur sera requis \u00e0 tout moment, apr\u00e8s une information pleinement transparente sur les finalit\u00e9s de la collecte des donn\u00e9es.<\/li><li>Principe de limitation des finalit\u00e9s : les donn\u00e9es personnelles sont collect\u00e9es pour des finalit\u00e9s d\u00e9termin\u00e9es, explicites et l\u00e9gitimes.<\/li><li>Principe de minimisation des donn\u00e9es : seules les donn\u00e9es strictement n\u00e9cessaires aux finalit\u00e9s du traitement sont collect\u00e9es.<\/li><li>Principe d\u2019exactitude : les donn\u00e9es personnelles doivent \u00eatre exactes et tenues \u00e0 jour.<\/li><li>Principe de limitation de la dur\u00e9e de conservation : les donn\u00e9es sont conserv\u00e9es uniquement pendant la dur\u00e9e n\u00e9cessaire aux finalit\u00e9s du traitement.<\/li><li>Principe d\u2019int\u00e9grit\u00e9 et de confidentialit\u00e9 : les donn\u00e9es sont trait\u00e9es de mani\u00e8re \u00e0 garantir leur s\u00e9curit\u00e9 et leur confidentialit\u00e9.<\/li><li>Principe de responsabilit\u00e9 proactive : le Responsable du traitement est tenu de garantir le respect de ces principes.<\/li><\/ul><h4>Cat\u00e9gories de donn\u00e9es personnelles<\/h4><p>Les cat\u00e9gories de donn\u00e9es trait\u00e9es par <span class=\"blanc-space ng-binding\">immovess<\/span> sont exclusivement des donn\u00e9es d\u2019identification. Aucune cat\u00e9gorie particuli\u00e8re de donn\u00e9es personnelles au sens de l\u2019article 9 du RGPD n\u2019est trait\u00e9e.<\/p><h4>Base l\u00e9gale du traitement des donn\u00e9es personnelles<\/h4><p>La base l\u00e9gale du traitement des donn\u00e9es personnelles est le consentement.<br \/><span class=\"blanc-space ng-binding\">immovess<\/span> s\u2019engage \u00e0 recueillir le consentement expr\u00e8s et v\u00e9rifiable de l\u2019Utilisateur pour le traitement de ses donn\u00e9es personnelles \u00e0 une ou plusieurs fins sp\u00e9cifiques.<\/p><p>L\u2019Utilisateur a le droit de retirer son consentement \u00e0 tout moment. Le retrait du consentement est aussi simple que son octroi et, en r\u00e8gle g\u00e9n\u00e9rale, n\u2019affectera pas l\u2019utilisation du Site Web.<\/p><p>Lorsque l\u2019Utilisateur doit ou peut fournir ses donn\u00e9es via des formulaires pour effectuer des demandes, solliciter des informations ou pour des raisons li\u00e9es au contenu du Site Web, il sera inform\u00e9 si le remplissage de certains champs est obligatoire, ceux-ci \u00e9tant indispensables au bon d\u00e9roulement de l\u2019op\u00e9ration.<\/p><h4>Finalit\u00e9s du traitement des donn\u00e9es personnelles<\/h4><p>Les donn\u00e9es personnelles sont collect\u00e9es et g\u00e9r\u00e9es par <span class=\"blanc-space ng-binding\">immovess<\/span> afin de faciliter, acc\u00e9l\u00e9rer et respecter les engagements \u00e9tablis entre le Site Web et l\u2019Utilisateur, ou de maintenir la relation issue des formulaires remplis par ce dernier, ou de r\u00e9pondre \u00e0 une demande ou une consultation.<\/p><p>Les donn\u00e9es peuvent \u00e9galement \u00eatre utilis\u00e9es \u00e0 des fins commerciales de personnalisation, op\u00e9rationnelles et statistiques, ainsi que pour les activit\u00e9s propres \u00e0 l\u2019objet social de <span class=\"blanc-space ng-binding\">immovess<\/span>, notamment l\u2019extraction, le stockage de donn\u00e9es et les \u00e9tudes marketing visant \u00e0 adapter le contenu propos\u00e9 \u00e0 l\u2019Utilisateur et \u00e0 am\u00e9liorer la qualit\u00e9, le fonctionnement et la navigation du Site Web.<\/p><h4>Dur\u00e9e de conservation des donn\u00e9es personnelles<\/h4><p>Les donn\u00e9es personnelles sont conserv\u00e9es uniquement pendant la dur\u00e9e strictement n\u00e9cessaire aux finalit\u00e9s du traitement et, en tout \u00e9tat de cause, pour la dur\u00e9e suivante :<br \/><span class=\"blanc-space ng-binding\">12 mois<\/span>, ou jusqu\u2019\u00e0 ce que l\u2019Utilisateur en demande la suppression.<\/p><h4>Destinataires des donn\u00e9es personnelles<\/h4><p>Les donn\u00e9es personnelles de l\u2019Utilisateur seront partag\u00e9es avec les destinataires ou cat\u00e9gories de destinataires suivants :<\/p><p class=\"text-wrap ng-binding\">google analytics ionos<\/p><h4>Donn\u00e9es personnelles des mineurs<\/h4><p>Conform\u00e9ment aux articles 8 du RGPD et 7 de la Loi organique 3\/2018, seuls les utilisateurs \u00e2g\u00e9s de plus de 14 ans peuvent donner l\u00e9galement leur consentement au traitement de leurs donn\u00e9es personnelles par<br \/><span class=\"blanc-space ng-binding\">immovess<\/span>. Pour les mineurs de moins de 14 ans, le consentement des parents ou tuteurs est requis.<\/p><h4>Confidentialit\u00e9 et s\u00e9curit\u00e9 des donn\u00e9es personnelles<\/h4><p><span class=\"blanc-space ng-binding\">immovess<\/span> adopte les mesures techniques et organisationnelles appropri\u00e9es afin de garantir la s\u00e9curit\u00e9 des donn\u00e9es personnelles et d\u2019\u00e9viter leur destruction, perte ou alt\u00e9ration accidentelle ou illicite, ainsi que l\u2019acc\u00e8s ou la communication non autoris\u00e9s.<\/p><p class=\"\">Le Site Web dispose d\u2019un certificat SSL (Secure Socket Layer) garantissant que la transmission des donn\u00e9es personnelles entre le serveur et l\u2019Utilisateur est enti\u00e8rement chiffr\u00e9e.<\/p><h4>Droits d\u00e9coulant du traitement des donn\u00e9es personnelles<\/h4><p>L\u2019Utilisateur dispose des droits suivants :<\/p><ul><li><i>Droit d\u2019acc\u00e8s<\/i><\/li><li><i>Droit de rectification<\/i><\/li><li><i>Droit \u00e0 l\u2019effacement (\u00ab droit \u00e0 l\u2019oubli \u00bb)<\/i><\/li><li><i>Droit \u00e0 la limitation du traitement<\/i><\/li><li><i>Droit \u00e0 la portabilit\u00e9 des donn\u00e9es<\/i><\/li><li><i>Droit d\u2019opposition<\/i><\/li><li><i>Droit de ne pas faire l\u2019objet d\u2019une d\u00e9cision fond\u00e9e exclusivement sur un traitement automatis\u00e9, y compris le profilage<\/i><\/li><\/ul><h4>R\u00e9clamations aupr\u00e8s de l\u2019autorit\u00e9 de contr\u00f4le<\/h4><p>En cas de non-respect de la r\u00e9glementation, l\u2019Utilisateur peut introduire une r\u00e9clamation aupr\u00e8s de l\u2019autorit\u00e9 de contr\u00f4le comp\u00e9tente. En Espagne, il s\u2019agit de l\u2019Agence espagnole de protection des donn\u00e9es (https:\/\/www.aepd.es\/).<\/p><h4>II. ACCEPTATION ET MODIFICATIONS DE LA PR\u00c9SENTE POLITIQUE DE CONFIDENTIALIT\u00c9<\/h4><p>L\u2019utilisation du Site Web implique l\u2019acceptation de la pr\u00e9sente politique de confidentialit\u00e9.<br \/><span class=\"blanc-space ng-binding\">immovess<\/span> se r\u00e9serve le droit de la modifier \u00e0 tout moment. Il est recommand\u00e9 de consulter r\u00e9guli\u00e8rement cette page.<\/p><p>Cette politique de confidentialit\u00e9 a \u00e9t\u00e9 mise \u00e0 jour afin de se conformer au RGPD et \u00e0 la Loi organique 3\/2018.<br \/>Ce document a \u00e9t\u00e9 g\u00e9n\u00e9r\u00e9 \u00e0 l\u2019aide du g\u00e9n\u00e9rateur de<br \/><a class=\"text-body text-decoration-none\" href=\"https:\/\/textos-legales.edgartamarit.com\/\">mod\u00e8le gratuit de politique de confidentialit\u00e9 pour site web<\/a> en date du 26\/01\/2026.<\/p>\t\t\t\t\t\t\t\t<\/div>\n\t\t\t\t<\/div>\n\t\t\t\t\t<\/div>\n\t\t<\/div>\n\t\t\t\t\t<\/div>\n\t\t<\/section>\n\t\t\t\t<\/div>\n\t\t","protected":false},"excerpt":{"rendered":"<p>POLITIQUE DE CONFIDENTIALIT\u00c9 DU SITE WEB www.immovess.es I. POLITIQUE DE CONFIDENTIALIT\u00c9 ET PROTECTION DES DONN\u00c9ES Conform\u00e9ment \u00e0 la l\u00e9gislation en vigueur, immovess (ci-apr\u00e8s \u00e9galement le Site Web) s\u2019engage \u00e0 adopter les mesures techniques et organisationnelles n\u00e9cessaires, en fonction du niveau de s\u00e9curit\u00e9 appropri\u00e9 au risque des donn\u00e9es collect\u00e9es. Lois int\u00e9gr\u00e9es dans cette politique de confidentialit\u00e9 La pr\u00e9sente politique de confidentialit\u00e9 est adapt\u00e9e \u00e0 la &#8230;<\/p>\n","protected":false},"author":1,"featured_media":0,"parent":0,"menu_order":0,"comment_status":"closed","ping_status":"closed","template":"page-templates\/gdpr_terms.php","meta":{"_eb_attr":"","inline_featured_image":false,"_monsterinsights_skip_tracking":false,"_monsterinsights_sitenote_active":false,"_monsterinsights_sitenote_note":"","_monsterinsights_sitenote_category":0,"footnotes":""},"class_list":["post-36727","page","type-page","status-publish","hentry"],"yoast_head":"<!-- This site is optimized with the Yoast SEO plugin v26.6 - https:\/\/yoast.com\/wordpress\/plugins\/seo\/ -->\n<title>Politique de confidentialit\u00e9 - immovess<\/title>\n<meta name=\"robots\" content=\"noindex, nofollow\" \/>\n<meta property=\"og:locale\" content=\"fr_FR\" \/>\n<meta property=\"og:type\" content=\"article\" \/>\n<meta property=\"og:title\" content=\"Politique de confidentialit\u00e9 - immovess\" \/>\n<meta property=\"og:description\" content=\"POLITIQUE DE CONFIDENTIALIT\u00c9 DU SITE WEB www.immovess.es I. POLITIQUE DE CONFIDENTIALIT\u00c9 ET PROTECTION DES DONN\u00c9ES Conform\u00e9ment \u00e0 la l\u00e9gislation en vigueur, immovess (ci-apr\u00e8s \u00e9galement le Site Web) s\u2019engage \u00e0 adopter les mesures techniques et organisationnelles n\u00e9cessaires, en fonction du niveau de s\u00e9curit\u00e9 appropri\u00e9 au risque des donn\u00e9es collect\u00e9es. Lois int\u00e9gr\u00e9es dans cette politique de confidentialit\u00e9 La pr\u00e9sente politique de confidentialit\u00e9 est adapt\u00e9e \u00e0 la ...\" \/>\n<meta property=\"og:url\" content=\"https:\/\/www.immovess.es\/fr\/politique-de-confidentialite\/\" \/>\n<meta property=\"og:site_name\" content=\"immovess\" \/>\n<meta property=\"article:modified_time\" content=\"2026-01-27T07:59:03+00:00\" \/>\n<meta name=\"twitter:card\" content=\"summary_large_image\" \/>\n<meta name=\"twitter:label1\" content=\"Dur\u00e9e de lecture estim\u00e9e\" \/>\n\t<meta name=\"twitter:data1\" content=\"6 minutes\" \/>\n<script type=\"application\/ld+json\" class=\"yoast-schema-graph\">{\"@context\":\"https:\/\/schema.org\",\"@graph\":[{\"@type\":\"WebPage\",\"@id\":\"https:\/\/www.immovess.es\/fr\/politique-de-confidentialite\/\",\"url\":\"https:\/\/www.immovess.es\/fr\/politique-de-confidentialite\/\",\"name\":\"Politique de confidentialit\u00e9 - immovess\",\"isPartOf\":{\"@id\":\"https:\/\/www.immovess.es\/fr\/#website\"},\"datePublished\":\"2025-12-23T15:27:10+00:00\",\"dateModified\":\"2026-01-27T07:59:03+00:00\",\"breadcrumb\":{\"@id\":\"https:\/\/www.immovess.es\/fr\/politique-de-confidentialite\/#breadcrumb\"},\"inLanguage\":\"fr-FR\",\"potentialAction\":[{\"@type\":\"ReadAction\",\"target\":[\"https:\/\/www.immovess.es\/fr\/politique-de-confidentialite\/\"]}]},{\"@type\":\"BreadcrumbList\",\"@id\":\"https:\/\/www.immovess.es\/fr\/politique-de-confidentialite\/#breadcrumb\",\"itemListElement\":[{\"@type\":\"ListItem\",\"position\":1,\"name\":\"Portada\",\"item\":\"https:\/\/www.immovess.es\/fr\/\"},{\"@type\":\"ListItem\",\"position\":2,\"name\":\"Politique de confidentialit\u00e9\"}]},{\"@type\":\"WebSite\",\"@id\":\"https:\/\/www.immovess.es\/fr\/#website\",\"url\":\"https:\/\/www.immovess.es\/fr\/\",\"name\":\"immovess\",\"description\":\"\",\"potentialAction\":[{\"@type\":\"SearchAction\",\"target\":{\"@type\":\"EntryPoint\",\"urlTemplate\":\"https:\/\/www.immovess.es\/fr\/?s={search_term_string}\"},\"query-input\":{\"@type\":\"PropertyValueSpecification\",\"valueRequired\":true,\"valueName\":\"search_term_string\"}}],\"inLanguage\":\"fr-FR\"}]}<\/script>\n<!-- \/ Yoast SEO plugin. -->","yoast_head_json":{"title":"Politique de confidentialit\u00e9 - immovess","robots":{"index":"noindex","follow":"nofollow"},"og_locale":"fr_FR","og_type":"article","og_title":"Politique de confidentialit\u00e9 - immovess","og_description":"POLITIQUE DE CONFIDENTIALIT\u00c9 DU SITE WEB www.immovess.es I. POLITIQUE DE CONFIDENTIALIT\u00c9 ET PROTECTION DES DONN\u00c9ES Conform\u00e9ment \u00e0 la l\u00e9gislation en vigueur, immovess (ci-apr\u00e8s \u00e9galement le Site Web) s\u2019engage \u00e0 adopter les mesures techniques et organisationnelles n\u00e9cessaires, en fonction du niveau de s\u00e9curit\u00e9 appropri\u00e9 au risque des donn\u00e9es collect\u00e9es. Lois int\u00e9gr\u00e9es dans cette politique de confidentialit\u00e9 La pr\u00e9sente politique de confidentialit\u00e9 est adapt\u00e9e \u00e0 la ...","og_url":"https:\/\/www.immovess.es\/fr\/politique-de-confidentialite\/","og_site_name":"immovess","article_modified_time":"2026-01-27T07:59:03+00:00","twitter_card":"summary_large_image","twitter_misc":{"Dur\u00e9e de lecture estim\u00e9e":"6 minutes"},"schema":{"@context":"https:\/\/schema.org","@graph":[{"@type":"WebPage","@id":"https:\/\/www.immovess.es\/fr\/politique-de-confidentialite\/","url":"https:\/\/www.immovess.es\/fr\/politique-de-confidentialite\/","name":"Politique de confidentialit\u00e9 - immovess","isPartOf":{"@id":"https:\/\/www.immovess.es\/fr\/#website"},"datePublished":"2025-12-23T15:27:10+00:00","dateModified":"2026-01-27T07:59:03+00:00","breadcrumb":{"@id":"https:\/\/www.immovess.es\/fr\/politique-de-confidentialite\/#breadcrumb"},"inLanguage":"fr-FR","potentialAction":[{"@type":"ReadAction","target":["https:\/\/www.immovess.es\/fr\/politique-de-confidentialite\/"]}]},{"@type":"BreadcrumbList","@id":"https:\/\/www.immovess.es\/fr\/politique-de-confidentialite\/#breadcrumb","itemListElement":[{"@type":"ListItem","position":1,"name":"Portada","item":"https:\/\/www.immovess.es\/fr\/"},{"@type":"ListItem","position":2,"name":"Politique de confidentialit\u00e9"}]},{"@type":"WebSite","@id":"https:\/\/www.immovess.es\/fr\/#website","url":"https:\/\/www.immovess.es\/fr\/","name":"immovess","description":"","potentialAction":[{"@type":"SearchAction","target":{"@type":"EntryPoint","urlTemplate":"https:\/\/www.immovess.es\/fr\/?s={search_term_string}"},"query-input":{"@type":"PropertyValueSpecification","valueRequired":true,"valueName":"search_term_string"}}],"inLanguage":"fr-FR"}]}},"rttpg_featured_image_url":null,"rttpg_author":{"display_name":"a_immovess_251","author_link":"https:\/\/www.immovess.es\/fr\/author\/a_immovess_251\/"},"rttpg_comment":0,"rttpg_category":" <a href=\"https:\/\/www.immovess.es\/fr\/?taxonomy=translation_priority&#038;term=facultatif\" rel=\"tag\">Facultatif<\/a>","rttpg_excerpt":"POLITIQUE DE CONFIDENTIALIT\u00c9 DU SITE WEB www.immovess.es I. POLITIQUE DE CONFIDENTIALIT\u00c9 ET PROTECTION DES DONN\u00c9ES Conform\u00e9ment \u00e0 la l\u00e9gislation en vigueur, immovess (ci-apr\u00e8s \u00e9galement le Site Web) s\u2019engage \u00e0 adopter les mesures techniques et organisationnelles n\u00e9cessaires, en fonction du niveau de s\u00e9curit\u00e9 appropri\u00e9 au risque des donn\u00e9es collect\u00e9es. Lois int\u00e9gr\u00e9es dans cette politique de confidentialit\u00e9\u2026","_links":{"self":[{"href":"https:\/\/www.immovess.es\/fr\/wp-json\/wp\/v2\/pages\/36727","targetHints":{"allow":["GET"]}}],"collection":[{"href":"https:\/\/www.immovess.es\/fr\/wp-json\/wp\/v2\/pages"}],"about":[{"href":"https:\/\/www.immovess.es\/fr\/wp-json\/wp\/v2\/types\/page"}],"author":[{"embeddable":true,"href":"https:\/\/www.immovess.es\/fr\/wp-json\/wp\/v2\/users\/1"}],"replies":[{"embeddable":true,"href":"https:\/\/www.immovess.es\/fr\/wp-json\/wp\/v2\/comments?post=36727"}],"version-history":[{"count":9,"href":"https:\/\/www.immovess.es\/fr\/wp-json\/wp\/v2\/pages\/36727\/revisions"}],"predecessor-version":[{"id":44047,"href":"https:\/\/www.immovess.es\/fr\/wp-json\/wp\/v2\/pages\/36727\/revisions\/44047"}],"wp:attachment":[{"href":"https:\/\/www.immovess.es\/fr\/wp-json\/wp\/v2\/media?parent=36727"}],"curies":[{"name":"wp","href":"https:\/\/api.w.org\/{rel}","templated":true}]}}