{"id":44119,"date":"2026-01-26T13:23:29","date_gmt":"2026-01-26T13:23:29","guid":{"rendered":"https:\/\/www.immovess.es\/politica-de-cookies\/"},"modified":"2026-01-28T09:18:00","modified_gmt":"2026-01-28T09:18:00","slug":"cookie-richtlinie","status":"publish","type":"page","link":"https:\/\/www.immovess.es\/de\/cookie-richtlinie\/","title":{"rendered":"Cookie Richtlinie"},"content":{"rendered":"\t\t<div data-elementor-type=\"wp-page\" data-elementor-id=\"44119\" class=\"elementor elementor-44119 elementor-43914\">\n\t\t\t\t\t\t<section class=\"elementor-section elementor-top-section elementor-element elementor-element-7c05779 single-content-page elementor-section-boxed elementor-section-height-default elementor-section-height-default wpr-particle-no wpr-jarallax-no wpr-parallax-no wpr-sticky-section-no\" data-id=\"7c05779\" data-element_type=\"section\">\n\t\t\t\t\t\t<div class=\"elementor-container elementor-column-gap-default\">\n\t\t\t\t\t<div class=\"elementor-column elementor-col-100 elementor-top-column elementor-element elementor-element-8fe9974\" data-id=\"8fe9974\" data-element_type=\"column\">\n\t\t\t<div class=\"elementor-widget-wrap elementor-element-populated\">\n\t\t\t\t\t\t<div class=\"elementor-element elementor-element-a0a78e2 elementor-widget elementor-widget-text-editor\" data-id=\"a0a78e2\" data-element_type=\"widget\" data-widget_type=\"text-editor.default\">\n\t\t\t\t<div class=\"elementor-widget-container\">\n\t\t\t\t\t\t\t\t\t<h2>COOKIE-RICHTLINIE<\/h2><h4>www.immmovess.es<\/h4><p>Der Zugriff auf diese Website kann die Verwendung von Cookies beinhalten. Cookies sind kleine Informationsmengen, die im vom jeweiligen Nutzer verwendeten Browser gespeichert werden \u2014 auf den verschiedenen Ger\u00e4ten, die er zum Surfen nutzen kann \u2014 damit der Server bestimmte Informationen speichern kann, die sp\u00e4ter ausschlie\u00dflich von dem Server gelesen werden, der sie implementiert hat. Cookies erleichtern die Navigation, machen sie benutzerfreundlicher und besch\u00e4digen das Endger\u00e4t nicht.<br \/>Cookies sind automatische Verfahren zur Erfassung von Informationen \u00fcber die vom Nutzer w\u00e4hrend seines Besuchs auf der Website festgelegten Pr\u00e4ferenzen, um ihn als Nutzer wiederzuerkennen und seine Erfahrung sowie die Nutzung der Website zu personalisieren. Sie k\u00f6nnen beispielsweise auch dazu beitragen, Fehler zu identifizieren und zu beheben.<\/p><p>Die \u00fcber Cookies gesammelten Informationen k\u00f6nnen das Datum und die Uhrzeit der Besuche auf der Website, die aufgerufenen Seiten, die auf der Website verbrachte Zeit sowie die unmittelbar davor und danach besuchten Seiten umfassen. Allerdings erm\u00f6glicht kein Cookie eine Kontaktaufnahme \u00fcber die Telefonnummer des Nutzers oder ein anderes pers\u00f6nliches Kontaktmittel. Kein Cookie kann Informationen von der Festplatte des Nutzers auslesen oder pers\u00f6nliche Daten stehlen. Die einzige M\u00f6glichkeit, wie private Informationen des Nutzers Teil der Cookie-Datei werden k\u00f6nnen, besteht darin, dass der Nutzer diese Informationen selbst an den Server \u00fcbermittelt.<\/p><p>Cookies, die eine Identifizierung einer Person erm\u00f6glichen, gelten als personenbezogene Daten. Daher findet auf diese die zuvor beschriebene Datenschutzerkl\u00e4rung Anwendung. In diesem Zusammenhang ist f\u00fcr deren Nutzung die Einwilligung des Nutzers erforderlich. Diese Einwilligung wird auf Grundlage einer echten Wahl durch eine ausdr\u00fcckliche und positive Entscheidung vor der erstmaligen Verarbeitung erteilt, ist widerrufbar und dokumentiert.<\/p><div class=\"\"><h4>Eigene Cookies<\/h4><p>Dies sind Cookies, die an den Computer oder das Ger\u00e4t des Nutzers gesendet und ausschlie\u00dflich von <span class=\"blanc-space ng-binding\">immovess<\/span> verwaltet werden, um die ordnungsgem\u00e4\u00dfe Funktion der Website zu gew\u00e4hrleisten. Die erhobenen Informationen werden verwendet, um die Qualit\u00e4t der Website, ihrer Inhalte und der Nutzererfahrung zu verbessern. Diese Cookies erm\u00f6glichen es, den Nutzer als wiederkehrenden Besucher zu erkennen und die Inhalte an seine Pr\u00e4ferenzen anzupassen.<\/p><\/div><div class=\"thirdCookies\"><h4>Cookies von Drittanbietern<\/h4><p>Dies sind Cookies, die von externen Unternehmen verwendet und verwaltet werden, die <span class=\"blanc-space ng-binding\">immovess<\/span> Dienstleistungen zur Verbesserung der Website und der Nutzererfahrung bereitstellen. Die Hauptziele von Drittanbieter-Cookies sind die Erhebung von Zugriffsstatistiken und die Analyse des Nutzerverhaltens, also wie der Nutzer mit der Website interagiert.<\/p><p>Die gewonnenen Informationen beziehen sich beispielsweise auf die Anzahl der besuchten Seiten, die Sprache, den Standort, der mit der IP-Adresse des Nutzers verkn\u00fcpft ist, die Anzahl der Nutzer, die H\u00e4ufigkeit und Wiederkehr der Besuche, die Besuchsdauer, den verwendeten Browser, den Anbieter oder den Ger\u00e4tetyp. Diese Informationen werden genutzt, um die Website zu verbessern und neue Bed\u00fcrfnisse zu erkennen, um den Nutzern Inhalte und\/oder Dienstleistungen optimaler Qualit\u00e4t anzubieten. In jedem Fall werden die Informationen anonym erhoben und Trendberichte erstellt, ohne einzelne Nutzer zu identifizieren.<\/p><p>Weitere Informationen zu Cookies, Datenschutz oder eine Beschreibung der verwendeten Cookie-Typen, ihrer wichtigsten Merkmale, der Laufzeit usw. finden Sie unter folgendem\/folgenden Link(s):<\/p><p class=\"text-wrap ng-binding\">google analytics ionos facebook youtube instagram<\/p><p>Die f\u00fcr die Bereitstellung der Cookies verantwortliche(n) Stelle(n) k\u00f6nnen diese Informationen an Dritte weitergeben, sofern dies gesetzlich vorgeschrieben ist oder ein Dritter diese Informationen im Auftrag verarbeitet.<\/p><\/div><div class=\"\"><h4>Cookies sozialer Netzwerke<\/h4><p><span class=\"blanc-space ng-binding\">immovess<\/span> integriert Plugins sozialer Netzwerke, die den Zugriff auf diese Netzwerke \u00fcber die Website erm\u00f6glichen. Aus diesem Grund k\u00f6nnen Cookies sozialer Netzwerke im Browser des Nutzers gespeichert werden. Die Betreiber dieser sozialen Netzwerke verf\u00fcgen \u00fcber eigene Datenschutz- und Cookie-Richtlinien und sind jeweils selbst f\u00fcr ihre Dateien und Datenschutzpraktiken verantwortlich. Der Nutzer sollte diese konsultieren, um Informationen \u00fcber diese Cookies und gegebenenfalls die Verarbeitung seiner personenbezogenen Daten zu erhalten. Rein informativ werden nachfolgend die Links aufgef\u00fchrt, unter denen diese Richtlinien eingesehen werden k\u00f6nnen:<\/p><ul><li>Facebook: <a class=\"text-info\" href=\"https:\/\/www.facebook.com\/policies\/cookies\/\">https:\/\/www.facebook.com\/policies\/cookies\/<\/a><\/li><li>Twitter: <a class=\"text-info\" href=\"https:\/\/twitter.com\/es\/privacy\">https:\/\/twitter.com\/es\/privacy<\/a><\/li><li>Instagram: <a class=\"text-info\" href=\"https:\/\/help.instagram.com\/1896641480634370?ref=ig\">https:\/\/help.instagram.com\/1896641480634370?ref=ig<\/a><\/li><li>YouTube: <a class=\"text-info\" href=\"https:\/\/policies.google.com\/privacy?hl=es-419&amp;gl=mx\">https:\/\/policies.google.com\/privacy?hl=es-419&amp;gl=mx<\/a><\/li><li>Pinterest: <a class=\"text-info\" href=\"https:\/\/policy.pinterest.com\/es\/privacy-policy\">https:\/\/policy.pinterest.com\/es\/privacy-policy<\/a><\/li><li>LinkedIn: <a class=\"text-info\" href=\"https:\/\/www.linkedin.com\/legal\/cookie-policy?trk=hp-cookies\">https:\/\/www.linkedin.com\/legal\/cookie-policy?trk=hp-cookies<\/a><\/li><\/ul><\/div><h4>Cookies deaktivieren, ablehnen und l\u00f6schen<\/h4><p>Der Nutzer kann Cookies \u2014 ganz oder teilweise \u2014 \u00fcber die Einstellungen seines Browsers (z. B. Chrome, Firefox, Safari, Explorer) deaktivieren, ablehnen und l\u00f6schen. Die Verfahren zum Ablehnen und L\u00f6schen von Cookies k\u00f6nnen je nach Browser unterschiedlich sein. Daher sollte der Nutzer die Anweisungen des jeweils verwendeten Browsers beachten. Lehnt der Nutzer die Verwendung von Cookies ganz oder teilweise ab, kann er die Website weiterhin nutzen, allerdings kann die Nutzung einiger Funktionen eingeschr\u00e4nkt sein.<\/p><p>Dieses Dokument zur Cookie-Richtlinie wurde mit dem Online-Generator <a class=\"text-body text-decoration-none\" href=\"https:\/\/textos-legales.edgartamarit.com\/\">kostenlose Cookie-Richtlinien-Vorlage<\/a> am 26.01.2026 erstellt.<\/p>\t\t\t\t\t\t\t\t<\/div>\n\t\t\t\t<\/div>\n\t\t\t\t\t<\/div>\n\t\t<\/div>\n\t\t\t\t\t<\/div>\n\t\t<\/section>\n\t\t\t\t<\/div>\n\t\t","protected":false},"excerpt":{"rendered":"<p>COOKIE-RICHTLINIE www.immmovess.es Der Zugriff auf diese Website kann die Verwendung von Cookies beinhalten. Cookies sind kleine Informationsmengen, die im vom jeweiligen Nutzer verwendeten Browser gespeichert werden \u2014 auf den verschiedenen Ger\u00e4ten, die er zum Surfen nutzen kann \u2014 damit der Server bestimmte Informationen speichern kann, die sp\u00e4ter ausschlie\u00dflich von dem Server gelesen werden, der sie implementiert hat. Cookies erleichtern die Navigation, machen sie benutzerfreundlicher &#8230;<\/p>\n","protected":false},"author":1,"featured_media":0,"parent":0,"menu_order":0,"comment_status":"closed","ping_status":"closed","template":"","meta":{"_eb_attr":"","inline_featured_image":false,"_monsterinsights_skip_tracking":false,"_monsterinsights_sitenote_active":false,"_monsterinsights_sitenote_note":"","_monsterinsights_sitenote_category":0,"footnotes":""},"class_list":["post-44119","page","type-page","status-publish","hentry"],"yoast_head":"<!-- This site is optimized with the Yoast SEO plugin v26.6 - https:\/\/yoast.com\/wordpress\/plugins\/seo\/ -->\n<title>Cookie Richtlinie - immovess<\/title>\n<meta name=\"robots\" content=\"index, follow, max-snippet:-1, max-image-preview:large, max-video-preview:-1\" \/>\n<link rel=\"canonical\" href=\"https:\/\/www.immovess.es\/de\/cookie-richtlinie\/\" \/>\n<meta property=\"og:locale\" content=\"de_DE\" \/>\n<meta property=\"og:type\" content=\"article\" \/>\n<meta property=\"og:title\" content=\"Cookie Richtlinie - immovess\" \/>\n<meta property=\"og:description\" content=\"COOKIE-RICHTLINIE www.immmovess.es Der Zugriff auf diese Website kann die Verwendung von Cookies beinhalten. Cookies sind kleine Informationsmengen, die im vom jeweiligen Nutzer verwendeten Browser gespeichert werden \u2014 auf den verschiedenen Ger\u00e4ten, die er zum Surfen nutzen kann \u2014 damit der Server bestimmte Informationen speichern kann, die sp\u00e4ter ausschlie\u00dflich von dem Server gelesen werden, der sie implementiert hat. Cookies erleichtern die Navigation, machen sie benutzerfreundlicher ...\" \/>\n<meta property=\"og:url\" content=\"https:\/\/www.immovess.es\/de\/cookie-richtlinie\/\" \/>\n<meta property=\"og:site_name\" content=\"immovess\" \/>\n<meta property=\"article:modified_time\" content=\"2026-01-28T09:18:00+00:00\" \/>\n<meta name=\"twitter:card\" content=\"summary_large_image\" \/>\n<meta name=\"twitter:label1\" content=\"Gesch\u00e4tzte Lesezeit\" \/>\n\t<meta name=\"twitter:data1\" content=\"5\u00a0Minute\" \/>\n<script type=\"application\/ld+json\" class=\"yoast-schema-graph\">{\"@context\":\"https:\/\/schema.org\",\"@graph\":[{\"@type\":\"WebPage\",\"@id\":\"https:\/\/www.immovess.es\/de\/cookie-richtlinie\/\",\"url\":\"https:\/\/www.immovess.es\/de\/cookie-richtlinie\/\",\"name\":\"Cookie Richtlinie - immovess\",\"isPartOf\":{\"@id\":\"https:\/\/www.immovess.es\/de\/#website\"},\"datePublished\":\"2026-01-26T13:23:29+00:00\",\"dateModified\":\"2026-01-28T09:18:00+00:00\",\"breadcrumb\":{\"@id\":\"https:\/\/www.immovess.es\/de\/cookie-richtlinie\/#breadcrumb\"},\"inLanguage\":\"de\",\"potentialAction\":[{\"@type\":\"ReadAction\",\"target\":[\"https:\/\/www.immovess.es\/de\/cookie-richtlinie\/\"]}]},{\"@type\":\"BreadcrumbList\",\"@id\":\"https:\/\/www.immovess.es\/de\/cookie-richtlinie\/#breadcrumb\",\"itemListElement\":[{\"@type\":\"ListItem\",\"position\":1,\"name\":\"Portada\",\"item\":\"https:\/\/www.immovess.es\/de\/\"},{\"@type\":\"ListItem\",\"position\":2,\"name\":\"Cookie Richtlinie\"}]},{\"@type\":\"WebSite\",\"@id\":\"https:\/\/www.immovess.es\/de\/#website\",\"url\":\"https:\/\/www.immovess.es\/de\/\",\"name\":\"immovess\",\"description\":\"\",\"potentialAction\":[{\"@type\":\"SearchAction\",\"target\":{\"@type\":\"EntryPoint\",\"urlTemplate\":\"https:\/\/www.immovess.es\/de\/?s={search_term_string}\"},\"query-input\":{\"@type\":\"PropertyValueSpecification\",\"valueRequired\":true,\"valueName\":\"search_term_string\"}}],\"inLanguage\":\"de\"}]}<\/script>\n<!-- \/ Yoast SEO plugin. -->","yoast_head_json":{"title":"Cookie Richtlinie - immovess","robots":{"index":"index","follow":"follow","max-snippet":"max-snippet:-1","max-image-preview":"max-image-preview:large","max-video-preview":"max-video-preview:-1"},"canonical":"https:\/\/www.immovess.es\/de\/cookie-richtlinie\/","og_locale":"de_DE","og_type":"article","og_title":"Cookie Richtlinie - immovess","og_description":"COOKIE-RICHTLINIE www.immmovess.es Der Zugriff auf diese Website kann die Verwendung von Cookies beinhalten. Cookies sind kleine Informationsmengen, die im vom jeweiligen Nutzer verwendeten Browser gespeichert werden \u2014 auf den verschiedenen Ger\u00e4ten, die er zum Surfen nutzen kann \u2014 damit der Server bestimmte Informationen speichern kann, die sp\u00e4ter ausschlie\u00dflich von dem Server gelesen werden, der sie implementiert hat. Cookies erleichtern die Navigation, machen sie benutzerfreundlicher ...","og_url":"https:\/\/www.immovess.es\/de\/cookie-richtlinie\/","og_site_name":"immovess","article_modified_time":"2026-01-28T09:18:00+00:00","twitter_card":"summary_large_image","twitter_misc":{"Gesch\u00e4tzte Lesezeit":"5\u00a0Minute"},"schema":{"@context":"https:\/\/schema.org","@graph":[{"@type":"WebPage","@id":"https:\/\/www.immovess.es\/de\/cookie-richtlinie\/","url":"https:\/\/www.immovess.es\/de\/cookie-richtlinie\/","name":"Cookie Richtlinie - immovess","isPartOf":{"@id":"https:\/\/www.immovess.es\/de\/#website"},"datePublished":"2026-01-26T13:23:29+00:00","dateModified":"2026-01-28T09:18:00+00:00","breadcrumb":{"@id":"https:\/\/www.immovess.es\/de\/cookie-richtlinie\/#breadcrumb"},"inLanguage":"de","potentialAction":[{"@type":"ReadAction","target":["https:\/\/www.immovess.es\/de\/cookie-richtlinie\/"]}]},{"@type":"BreadcrumbList","@id":"https:\/\/www.immovess.es\/de\/cookie-richtlinie\/#breadcrumb","itemListElement":[{"@type":"ListItem","position":1,"name":"Portada","item":"https:\/\/www.immovess.es\/de\/"},{"@type":"ListItem","position":2,"name":"Cookie Richtlinie"}]},{"@type":"WebSite","@id":"https:\/\/www.immovess.es\/de\/#website","url":"https:\/\/www.immovess.es\/de\/","name":"immovess","description":"","potentialAction":[{"@type":"SearchAction","target":{"@type":"EntryPoint","urlTemplate":"https:\/\/www.immovess.es\/de\/?s={search_term_string}"},"query-input":{"@type":"PropertyValueSpecification","valueRequired":true,"valueName":"search_term_string"}}],"inLanguage":"de"}]}},"rttpg_featured_image_url":null,"rttpg_author":{"display_name":"a_immovess_251","author_link":"https:\/\/www.immovess.es\/de\/author\/a_immovess_251\/"},"rttpg_comment":0,"rttpg_category":" <a href=\"https:\/\/www.immovess.es\/de\/?taxonomy=translation_priority&#038;term=optional-de\" rel=\"tag\">Optional<\/a>","rttpg_excerpt":"COOKIE-RICHTLINIE www.immmovess.es Der Zugriff auf diese Website kann die Verwendung von Cookies beinhalten. Cookies sind kleine Informationsmengen, die im vom jeweiligen Nutzer verwendeten Browser gespeichert werden \u2014 auf den verschiedenen Ger\u00e4ten, die er zum Surfen nutzen kann \u2014 damit der Server bestimmte Informationen speichern kann, die sp\u00e4ter ausschlie\u00dflich von dem Server gelesen werden, der sie&hellip;","_links":{"self":[{"href":"https:\/\/www.immovess.es\/de\/wp-json\/wp\/v2\/pages\/44119","targetHints":{"allow":["GET"]}}],"collection":[{"href":"https:\/\/www.immovess.es\/de\/wp-json\/wp\/v2\/pages"}],"about":[{"href":"https:\/\/www.immovess.es\/de\/wp-json\/wp\/v2\/types\/page"}],"author":[{"embeddable":true,"href":"https:\/\/www.immovess.es\/de\/wp-json\/wp\/v2\/users\/1"}],"replies":[{"embeddable":true,"href":"https:\/\/www.immovess.es\/de\/wp-json\/wp\/v2\/comments?post=44119"}],"version-history":[{"count":5,"href":"https:\/\/www.immovess.es\/de\/wp-json\/wp\/v2\/pages\/44119\/revisions"}],"predecessor-version":[{"id":44143,"href":"https:\/\/www.immovess.es\/de\/wp-json\/wp\/v2\/pages\/44119\/revisions\/44143"}],"wp:attachment":[{"href":"https:\/\/www.immovess.es\/de\/wp-json\/wp\/v2\/media?parent=44119"}],"curies":[{"name":"wp","href":"https:\/\/api.w.org\/{rel}","templated":true}]}}