{"id":37810,"date":"2026-01-02T16:48:33","date_gmt":"2026-01-02T16:48:33","guid":{"rendered":"https:\/\/www.immovess.es\/su-contacto-con-nosotros\/"},"modified":"2026-01-15T12:16:40","modified_gmt":"2026-01-15T12:16:40","slug":"ihr-kontakt-zu-uns","status":"publish","type":"page","link":"https:\/\/www.immovess.es\/de\/ihr-kontakt-zu-uns\/","title":{"rendered":"Ihr Kontakt zu uns"},"content":{"rendered":"\t\t<div data-elementor-type=\"wp-page\" data-elementor-id=\"37810\" class=\"elementor elementor-37810 elementor-37805\">\n\t\t\t\t\t\t<section class=\"elementor-section elementor-top-section elementor-element elementor-element-1828332 elementor-section-stretched single-content-page elementor-section-boxed elementor-section-height-default elementor-section-height-default wpr-particle-no wpr-jarallax-no wpr-parallax-no wpr-sticky-section-no\" data-id=\"1828332\" data-element_type=\"section\" data-settings=\"{&quot;stretch_section&quot;:&quot;section-stretched&quot;,&quot;background_background&quot;:&quot;classic&quot;}\">\n\t\t\t\t\t\t\t<div class=\"elementor-background-overlay\"><\/div>\n\t\t\t\t\t\t\t<div class=\"elementor-container elementor-column-gap-no\">\n\t\t\t\t\t<div class=\"elementor-column elementor-col-50 elementor-top-column elementor-element elementor-element-adbb7c7\" data-id=\"adbb7c7\" data-element_type=\"column\">\n\t\t\t<div class=\"elementor-widget-wrap elementor-element-populated\">\n\t\t\t\t\t\t<div class=\"elementor-element elementor-element-522997c elementor-widget elementor-widget-heading\" data-id=\"522997c\" data-element_type=\"widget\" data-widget_type=\"heading.default\">\n\t\t\t\t<div class=\"elementor-widget-container\">\n\t\t\t\t\t<h2 class=\"elementor-heading-title elementor-size-default\">Ihr Kontakt zu uns<\/h2>\t\t\t\t<\/div>\n\t\t\t\t<\/div>\n\t\t\t\t<div class=\"elementor-element elementor-element-18de21c elementor-widget elementor-widget-text-editor\" data-id=\"18de21c\" data-element_type=\"widget\" data-widget_type=\"text-editor.default\">\n\t\t\t\t<div class=\"elementor-widget-container\">\n\t\t\t\t\t\t\t\t\t<p>Wenn Sie <strong>Fragen<\/strong> haben oder <strong>Kontakt aufnehmen<\/strong> m\u00f6chten, stehen Ihnen \u00fcber die <strong>nachfolgenden Kontaktdaten<\/strong> eine <strong>direkte Verbindung zu unserem Team<\/strong> zur Verf\u00fcgung. Ihre <strong>Angaben<\/strong> werden selbstverst\u00e4ndlich <strong>vertraulich behandelt<\/strong>, und durch das <strong>Ausf\u00fcllen des Formulars<\/strong> stellen wir sicher, dass Ihre Anfrage an den richtigen <strong>Ansprechpartner<\/strong> weitergeleitet wird.<\/p>\t\t\t\t\t\t\t\t<\/div>\n\t\t\t\t<\/div>\n\t\t\t\t<div class=\"elementor-element elementor-element-80aeff9 elementor-position-inline-start elementor-view-default elementor-mobile-position-block-start elementor-widget elementor-widget-icon-box\" data-id=\"80aeff9\" data-element_type=\"widget\" data-widget_type=\"icon-box.default\">\n\t\t\t\t<div class=\"elementor-widget-container\">\n\t\t\t\t\t\t\t<div class=\"elementor-icon-box-wrapper\">\n\n\t\t\t\t\t\t<div class=\"elementor-icon-box-icon\">\n\t\t\t\t<span  class=\"elementor-icon\">\n\t\t\t\t<svg xmlns=\"http:\/\/www.w3.org\/2000\/svg\" width=\"64\" height=\"64\" fill=\"none\" viewBox=\"0 0 64 64\"><path fill=\"#000\" d=\"m18.568 8.272.485-.12-.485.12Zm2.949 11.796.485-.122-.485.122Zm-1.11 3.127.3.4-.3-.4Zm35.32 22.237-.12.485.12-.485Zm-11.795-2.949-.12.485.12-.485Zm-3.127 1.11.4.3-.4-.3Zm-23.848-17.81.3.4-.3-.4Zm18.036 22.274-.172.47.172-.47Zm-19.05-19.05.47-.172-.47.172Zm22.275 18.036.4.3-.4-.3ZM46 57.5C24.185 57.5 6.5 39.815 6.5 18h-1c0 22.367 18.133 40.5 40.5 40.5v-1Zm-34-51h3.658v-1H12v1Zm6.083 1.894 2.949 11.795.97-.243-2.949-11.795-.97.243Zm2.949 11.795a2.5 2.5 0 0 1-.925 2.606l.6.8a3.5 3.5 0 0 0 1.295-3.649l-.97.243ZM15.658 6.5a2.5 2.5 0 0 1 2.425 1.894l.97-.243A3.5 3.5 0 0 0 15.658 5.5v1ZM12 5.5A6.5 6.5 0 0 0 5.5 12h1A5.5 5.5 0 0 1 12 6.5v-1ZM58.5 52v-3.658h-1V52h1Zm-2.651-7.053-11.795-2.949-.243.97 11.795 2.949.243-.97Zm-11.795-2.949a3.5 3.5 0 0 0-3.65 1.296l.8.6a2.5 2.5 0 0 1 2.607-.926l.243-.97ZM58.5 48.342a3.5 3.5 0 0 0-2.651-3.395l-.243.97a2.5 2.5 0 0 1 1.894 2.425h1ZM57.5 52a5.5 5.5 0 0 1-5.5 5.5v1a6.5 6.5 0 0 0 6.5-6.5h-1ZM20.106 22.795l-3.45 2.587.6.8 3.45-2.587-.6-.8Zm15.059 24.792a31.594 31.594 0 0 1-18.752-18.752l-.94.344a32.594 32.594 0 0 0 19.348 19.347l.344-.939Zm5.24-4.294-2.587 3.45.8.6 2.587-3.45-.8-.6ZM46 58.5h6v-1h-6v1ZM6.5 18v-6h-1v6h1Zm28.32 30.526c1.401.513 2.926-.02 3.798-1.183l-.8-.6c-.63.84-1.703 1.192-2.653.844l-.344.94ZM16.658 25.382c-1.162.872-1.696 2.397-1.183 3.797l.939-.344c-.348-.95.003-2.022.844-2.653l-.6-.8Z\"><\/path><\/svg>\t\t\t\t<\/span>\n\t\t\t<\/div>\n\t\t\t\n\t\t\t\t\t\t<div class=\"elementor-icon-box-content\">\n\n\t\t\t\t\t\t\t\t\t<h3 class=\"elementor-icon-box-title\">\n\t\t\t\t\t\t<span  >\n\t\t\t\t\t\t\tTelefon\t\t\t\t\t\t<\/span>\n\t\t\t\t\t<\/h3>\n\t\t\t\t\n\t\t\t\t\t\t\t\t\t<p class=\"elementor-icon-box-description\">\n\t\t\t\t\t\t+ 34 652 527 033\t\t\t\t\t<\/p>\n\t\t\t\t\n\t\t\t<\/div>\n\t\t\t\n\t\t<\/div>\n\t\t\t\t\t\t<\/div>\n\t\t\t\t<\/div>\n\t\t\t\t<div class=\"elementor-element elementor-element-aa4e446 elementor-position-inline-start elementor-view-default elementor-mobile-position-block-start elementor-widget elementor-widget-icon-box\" data-id=\"aa4e446\" data-element_type=\"widget\" data-widget_type=\"icon-box.default\">\n\t\t\t\t<div class=\"elementor-widget-container\">\n\t\t\t\t\t\t\t<div class=\"elementor-icon-box-wrapper\">\n\n\t\t\t\t\t\t<div class=\"elementor-icon-box-icon\">\n\t\t\t\t<span  class=\"elementor-icon\">\n\t\t\t\t<svg xmlns=\"http:\/\/www.w3.org\/2000\/svg\" width=\"64\" height=\"64\" fill=\"none\" viewBox=\"0 0 64 64\"><path fill=\"#000\" d=\"m8.855 23.757.262-.426-.262.426Zm20 12.308-.262.426.262-.426Zm6.29 0 .262.426-.262-.426Zm20-12.308-.263-.426.263.426ZM12 12.5h40v-1H12v1ZM57.5 18v28h1V18h-1ZM52 51.5H12v1h40v-1ZM6.5 46V18h-1v28h1Zm5.5 5.5A5.5 5.5 0 0 1 6.5 46h-1a6.5 6.5 0 0 0 6.5 6.5v-1ZM57.5 46a5.5 5.5 0 0 1-5.5 5.5v1a6.5 6.5 0 0 0 6.5-6.5h-1ZM52 12.5a5.5 5.5 0 0 1 5.5 5.5h1a6.5 6.5 0 0 0-6.5-6.5v1Zm-40-1A6.5 6.5 0 0 0 5.5 18h1a5.5 5.5 0 0 1 5.5-5.5v-1ZM8.593 24.183l20 12.308.524-.852-20-12.308-.524.852Zm26.814 12.308 20-12.308-.524-.852-20 12.308.524.852ZM58.5 18.647V18h-1v.647h1Zm-52 0V18h-1v.647h1Zm48.907 5.536a6.5 6.5 0 0 0 3.093-5.536h-1a5.5 5.5 0 0 1-2.617 4.684l.524.852ZM28.593 36.491a6.5 6.5 0 0 0 6.814 0l-.524-.852a5.5 5.5 0 0 1-5.766 0l-.524.852ZM9.117 23.33A5.5 5.5 0 0 1 6.5 18.647h-1a6.5 6.5 0 0 0 3.093 5.536l.524-.852Z\"><\/path><\/svg>\t\t\t\t<\/span>\n\t\t\t<\/div>\n\t\t\t\n\t\t\t\t\t\t<div class=\"elementor-icon-box-content\">\n\n\t\t\t\t\t\t\t\t\t<h3 class=\"elementor-icon-box-title\">\n\t\t\t\t\t\t<span  >\n\t\t\t\t\t\t\tE-mail\t\t\t\t\t\t<\/span>\n\t\t\t\t\t<\/h3>\n\t\t\t\t\n\t\t\t\t\t\t\t\t\t<p class=\"elementor-icon-box-description\">\n\t\t\t\t\t\tinfo@immovess.es\t\t\t\t\t<\/p>\n\t\t\t\t\n\t\t\t<\/div>\n\t\t\t\n\t\t<\/div>\n\t\t\t\t\t\t<\/div>\n\t\t\t\t<\/div>\n\t\t\t\t<div class=\"elementor-element elementor-element-1f9eb66 elementor-position-inline-start elementor-view-default elementor-mobile-position-block-start elementor-widget elementor-widget-icon-box\" data-id=\"1f9eb66\" data-element_type=\"widget\" data-widget_type=\"icon-box.default\">\n\t\t\t\t<div class=\"elementor-widget-container\">\n\t\t\t\t\t\t\t<div class=\"elementor-icon-box-wrapper\">\n\n\t\t\t\t\t\t<div class=\"elementor-icon-box-icon\">\n\t\t\t\t<span  class=\"elementor-icon\">\n\t\t\t\t<svg xmlns=\"http:\/\/www.w3.org\/2000\/svg\" width=\"64\" height=\"64\" fill=\"none\" viewBox=\"0 0 64 64\"><path stroke=\"#000\" stroke-linecap=\"round\" stroke-linejoin=\"round\" d=\"M40 28a8 8 0 1 1-16 0 8 8 0 0 1 16 0Z\"><\/path><path stroke=\"#000\" stroke-linecap=\"round\" stroke-linejoin=\"round\" d=\"M52 28c0 19.046-20 30-20 30S12 47.046 12 28c0-11.046 8.954-20 20-20s20 8.954 20 20Z\"><\/path><\/svg>\t\t\t\t<\/span>\n\t\t\t<\/div>\n\t\t\t\n\t\t\t\t\t\t<div class=\"elementor-icon-box-content\">\n\n\t\t\t\t\t\t\t\t\t<h3 class=\"elementor-icon-box-title\">\n\t\t\t\t\t\t<span  >\n\t\t\t\t\t\t\tAdresse\t\t\t\t\t\t<\/span>\n\t\t\t\t\t<\/h3>\n\t\t\t\t\n\t\t\t\t\t\t\t\t\t<p class=\"elementor-icon-box-description\">\n\t\t\t\t\t\tCarrer de Col\u00f3n, 4<br>\nL\u2019Eixample<br>\n46004 Valencia\t\t\t\t\t<\/p>\n\t\t\t\t\n\t\t\t<\/div>\n\t\t\t\n\t\t<\/div>\n\t\t\t\t\t\t<\/div>\n\t\t\t\t<\/div>\n\t\t\t\t\t<\/div>\n\t\t<\/div>\n\t\t\t\t<div class=\"elementor-column elementor-col-50 elementor-top-column elementor-element elementor-element-f6cfc88\" data-id=\"f6cfc88\" data-element_type=\"column\">\n\t\t\t<div class=\"elementor-widget-wrap elementor-element-populated\">\n\t\t\t\t\t\t<div class=\"elementor-element elementor-element-30b295b elementor-widget elementor-widget-heading\" data-id=\"30b295b\" data-element_type=\"widget\" data-widget_type=\"heading.default\">\n\t\t\t\t<div class=\"elementor-widget-container\">\n\t\t\t\t\t<h2 class=\"elementor-heading-title elementor-size-default\">Kontaktformular<\/h2>\t\t\t\t<\/div>\n\t\t\t\t<\/div>\n\t\t\t\t<div class=\"elementor-element elementor-element-a13092c elementor-widget elementor-widget-text-editor\" data-id=\"a13092c\" data-element_type=\"widget\" data-widget_type=\"text-editor.default\">\n\t\t\t\t<div class=\"elementor-widget-container\">\n\t\t\t\t\t\t\t\t\t<p><style id=\"wpforms-css-vars-32639\">\n\t\t\t\t#wpforms-32639 {\n\t\t\t\t\n\t\t\t}\n\t\t\t<\/style><div class=\"wpforms-container wpforms-container-full wpforms-render-modern\" id=\"wpforms-32639\"><form id=\"wpforms-form-32639\" class=\"wpforms-validate wpforms-form wpforms-ajax-form\" data-formid=\"32639\" method=\"post\" enctype=\"multipart\/form-data\" action=\"\/de\/wp-json\/wp\/v2\/pages\/37810\" data-token=\"5c7bec6aa280f72f5bb28960a134c475\" data-token-time=\"1775551786\"><noscript class=\"wpforms-error-noscript\">Bitte aktiviere JavaScript in deinem Browser, um dieses Formular fertigzustellen.<\/noscript><div id=\"wpforms-error-noscript\" style=\"display: none;\">Bitte aktiviere JavaScript in deinem Browser, um dieses Formular fertigzustellen.<\/div><div class=\"wpforms-field-container\"><div id=\"wpforms-32639-field_0-container\" class=\"wpforms-field wpforms-field-name\" data-field-id=\"0\"><fieldset><legend class=\"wpforms-field-label\">Name <span class=\"wpforms-required-label\" aria-hidden=\"true\">*<\/span><\/legend><div class=\"wpforms-field-row wpforms-field-large\"><div class=\"wpforms-field-row-block wpforms-first wpforms-one-half\"><input type=\"text\" id=\"wpforms-32639-field_0\" class=\"wpforms-field-name-first wpforms-field-required\" name=\"wpforms[fields][0][first]\" aria-errormessage=\"wpforms-32639-field_0-error\" required><label for=\"wpforms-32639-field_0\" class=\"wpforms-field-sublabel after\">Vorname<\/label><\/div><div class=\"wpforms-field-row-block wpforms-one-half\"><input type=\"text\" id=\"wpforms-32639-field_0-last\" class=\"wpforms-field-name-last wpforms-field-required\" name=\"wpforms[fields][0][last]\" aria-errormessage=\"wpforms-32639-field_0-last-error\" required><label for=\"wpforms-32639-field_0-last\" class=\"wpforms-field-sublabel after\">Nachname<\/label><\/div><\/div><\/fieldset><\/div><div id=\"wpforms-32639-field_1-container\" class=\"wpforms-field wpforms-field-email\" data-field-id=\"1\"><label class=\"wpforms-field-label\" for=\"wpforms-32639-field_1\">E-Mail Adresse <span class=\"wpforms-required-label\" aria-hidden=\"true\">*<\/span><\/label><input type=\"email\" id=\"wpforms-32639-field_1\" class=\"wpforms-field-large wpforms-field-required\" name=\"wpforms[fields][1]\" spellcheck=\"false\" aria-errormessage=\"wpforms-32639-field_1-error\" required><\/div><div id=\"wpforms-32639-field_2-container\" class=\"wpforms-field wpforms-field-textarea\" data-field-id=\"2\"><label class=\"wpforms-field-label\" for=\"wpforms-32639-field_2\">Kommentar oder Nachricht<\/label><textarea id=\"wpforms-32639-field_2\" class=\"wpforms-field-medium\" name=\"wpforms[fields][2]\" aria-errormessage=\"wpforms-32639-field_2-error\" ><\/textarea><\/div><div id=\"wpforms-32639-field_3-container\" class=\"wpforms-field wpforms-field-checkbox\" data-field-id=\"3\"><fieldset><legend class=\"wpforms-field-label\">Datenschutzrichtlinien <span class=\"wpforms-required-label\" aria-hidden=\"true\">*<\/span><\/legend><ul id=\"wpforms-32639-field_3\" class=\"wpforms-field-required\"><li class=\"choice-1 depth-1\"><input type=\"checkbox\" id=\"wpforms-32639-field_3_1\" name=\"wpforms[fields][3][]\" value=\"Ich habe die &lt;a href=&quot;https:\/\/www.valideron.es\/de\/datenschutzbestimmungen\/&quot; target=&quot;_blank&quot;&gt;Datenschutzrichtlinien&lt;\/a&gt; gelesen und akzeptiere sie.\" aria-errormessage=\"wpforms-32639-field_3_1-error\" aria-describedby=\"wpforms-32639-field_3-description\" required ><label class=\"wpforms-field-label-inline\" for=\"wpforms-32639-field_3_1\">Ich habe die <a href=\"https:\/\/www.valideron.es\/de\/datenschutzbestimmungen\/\" target=\"_blank\">Datenschutzrichtlinien<\/a> gelesen und akzeptiere sie.<\/label><\/li><\/ul><div id=\"wpforms-32639-field_3-description\" class=\"wpforms-field-description\">Bitte lesen Sie unsere Datenschutzrichtlinien sorgf\u00e4ltig durch, bevor Sie das Formular absenden. Durch Ankreuzen des Kontrollk\u00e4stchens unten erteilen Sie Ihre Zustimmung zur Erfassung und Verarbeitung Ihrer pers\u00f6nlichen Daten gem\u00e4\u00df unseren Datenschutzrichtlinien.<\/div><\/fieldset><\/div><\/div><!-- .wpforms-field-container --><div class=\"wpforms-submit-container\" ><input type=\"hidden\" name=\"wpforms[id]\" value=\"32639\"><input type=\"hidden\" name=\"page_title\" value=\"\"><input type=\"hidden\" name=\"page_url\" value=\"https:\/\/www.immovess.es\/de\/wp-json\/wp\/v2\/pages\/37810\"><input type=\"hidden\" name=\"url_referer\" value=\"\"><button type=\"submit\" name=\"wpforms[submit]\" id=\"wpforms-submit-32639\" class=\"wpforms-submit\" data-alt-text=\"Wird gesendet ...\" data-submit-text=\"Senden\" aria-live=\"assertive\" value=\"wpforms-submit\">Senden<\/button><img decoding=\"async\" src=\"https:\/\/www.immovess.es\/wp-content\/plugins\/wpforms-lite\/assets\/images\/submit-spin.svg\" class=\"wpforms-submit-spinner\" style=\"display: none;\" width=\"26\" height=\"26\" alt=\"Wird geladen\"><\/div><input type=\"hidden\" id=\"ct_checkjs_wpforms_20aee3a5f4643755a79ee5f6a73050ac\" name=\"ct_checkjs_wpforms\" value=\"0\" \/><script>setTimeout(function(){var ct_input_name = \"ct_checkjs_wpforms_20aee3a5f4643755a79ee5f6a73050ac\";if (document.getElementById(ct_input_name) !== null) {var ct_input_value = document.getElementById(ct_input_name).value;document.getElementById(ct_input_name).value = document.getElementById(ct_input_name).value.replace(ct_input_value, '45737145');}}, 1000);<\/script><input\n                    class=\"apbct_special_field apbct_email_id__wp_wpforms\"\n                    name=\"apbct__email_id__wp_wpforms\"\n                    aria-label=\"apbct__label_id__wp_wpforms\"\n                    type=\"text\" size=\"30\" maxlength=\"200\" autocomplete=\"off\"\n                    value=\"\"\n                \/><\/form><\/div>  <!-- .wpforms-container --><\/p>\t\t\t\t\t\t\t\t<\/div>\n\t\t\t\t<\/div>\n\t\t\t\t\t<\/div>\n\t\t<\/div>\n\t\t\t\t\t<\/div>\n\t\t<\/section>\n\t\t\t\t<\/div>\n\t\t","protected":false},"excerpt":{"rendered":"<p>Ihr Kontakt zu uns Wenn Sie Fragen haben oder Kontakt aufnehmen m\u00f6chten, stehen Ihnen \u00fcber die nachfolgenden Kontaktdaten eine direkte Verbindung zu unserem Team zur Verf\u00fcgung. Ihre Angaben werden selbstverst\u00e4ndlich vertraulich behandelt, und durch das Ausf\u00fcllen des Formulars stellen wir sicher, dass Ihre Anfrage an den richtigen Ansprechpartner weitergeleitet wird. Telefon + 34 652 527 033 E-mail info@immovess.es Adresse Carrer de Col\u00f3n, 4 L\u2019Eixample &#8230;<\/p>\n","protected":false},"author":1,"featured_media":0,"parent":0,"menu_order":0,"comment_status":"closed","ping_status":"closed","template":"","meta":{"_eb_attr":"","inline_featured_image":false,"_monsterinsights_skip_tracking":false,"_monsterinsights_sitenote_active":false,"_monsterinsights_sitenote_note":"","_monsterinsights_sitenote_category":0,"footnotes":""},"class_list":["post-37810","page","type-page","status-publish","hentry"],"yoast_head":"<!-- This site is optimized with the Yoast SEO plugin v26.6 - https:\/\/yoast.com\/wordpress\/plugins\/seo\/ -->\n<title>Ihr Kontakt zu uns - immovess<\/title>\n<meta name=\"robots\" content=\"index, follow, max-snippet:-1, max-image-preview:large, max-video-preview:-1\" \/>\n<link rel=\"canonical\" href=\"https:\/\/www.immovess.es\/de\/ihr-kontakt-zu-uns\/\" \/>\n<meta property=\"og:locale\" content=\"de_DE\" \/>\n<meta property=\"og:type\" content=\"article\" \/>\n<meta property=\"og:title\" content=\"Ihr Kontakt zu uns - immovess\" \/>\n<meta property=\"og:description\" content=\"Ihr Kontakt zu uns Wenn Sie Fragen haben oder Kontakt aufnehmen m\u00f6chten, stehen Ihnen \u00fcber die nachfolgenden Kontaktdaten eine direkte Verbindung zu unserem Team zur Verf\u00fcgung. Ihre Angaben werden selbstverst\u00e4ndlich vertraulich behandelt, und durch das Ausf\u00fcllen des Formulars stellen wir sicher, dass Ihre Anfrage an den richtigen Ansprechpartner weitergeleitet wird. Telefon + 34 652 527 033 E-mail info@immovess.es Adresse Carrer de Col\u00f3n, 4 L\u2019Eixample ...\" \/>\n<meta property=\"og:url\" content=\"https:\/\/www.immovess.es\/de\/ihr-kontakt-zu-uns\/\" \/>\n<meta property=\"og:site_name\" content=\"immovess\" \/>\n<meta property=\"article:modified_time\" content=\"2026-01-15T12:16:40+00:00\" \/>\n<meta name=\"twitter:card\" content=\"summary_large_image\" \/>\n<meta name=\"twitter:label1\" content=\"Gesch\u00e4tzte Lesezeit\" \/>\n\t<meta name=\"twitter:data1\" content=\"1\u00a0Minute\" \/>\n<script type=\"application\/ld+json\" class=\"yoast-schema-graph\">{\"@context\":\"https:\/\/schema.org\",\"@graph\":[{\"@type\":\"WebPage\",\"@id\":\"https:\/\/www.immovess.es\/de\/ihr-kontakt-zu-uns\/\",\"url\":\"https:\/\/www.immovess.es\/de\/ihr-kontakt-zu-uns\/\",\"name\":\"Ihr Kontakt zu uns - immovess\",\"isPartOf\":{\"@id\":\"https:\/\/www.immovess.es\/de\/#website\"},\"datePublished\":\"2026-01-02T16:48:33+00:00\",\"dateModified\":\"2026-01-15T12:16:40+00:00\",\"breadcrumb\":{\"@id\":\"https:\/\/www.immovess.es\/de\/ihr-kontakt-zu-uns\/#breadcrumb\"},\"inLanguage\":\"de\",\"potentialAction\":[{\"@type\":\"ReadAction\",\"target\":[\"https:\/\/www.immovess.es\/de\/ihr-kontakt-zu-uns\/\"]}]},{\"@type\":\"BreadcrumbList\",\"@id\":\"https:\/\/www.immovess.es\/de\/ihr-kontakt-zu-uns\/#breadcrumb\",\"itemListElement\":[{\"@type\":\"ListItem\",\"position\":1,\"name\":\"Portada\",\"item\":\"https:\/\/www.immovess.es\/de\/\"},{\"@type\":\"ListItem\",\"position\":2,\"name\":\"Ihr Kontakt zu uns\"}]},{\"@type\":\"WebSite\",\"@id\":\"https:\/\/www.immovess.es\/de\/#website\",\"url\":\"https:\/\/www.immovess.es\/de\/\",\"name\":\"immovess\",\"description\":\"\",\"potentialAction\":[{\"@type\":\"SearchAction\",\"target\":{\"@type\":\"EntryPoint\",\"urlTemplate\":\"https:\/\/www.immovess.es\/de\/?s={search_term_string}\"},\"query-input\":{\"@type\":\"PropertyValueSpecification\",\"valueRequired\":true,\"valueName\":\"search_term_string\"}}],\"inLanguage\":\"de\"}]}<\/script>\n<!-- \/ Yoast SEO plugin. -->","yoast_head_json":{"title":"Ihr Kontakt zu uns - immovess","robots":{"index":"index","follow":"follow","max-snippet":"max-snippet:-1","max-image-preview":"max-image-preview:large","max-video-preview":"max-video-preview:-1"},"canonical":"https:\/\/www.immovess.es\/de\/ihr-kontakt-zu-uns\/","og_locale":"de_DE","og_type":"article","og_title":"Ihr Kontakt zu uns - immovess","og_description":"Ihr Kontakt zu uns Wenn Sie Fragen haben oder Kontakt aufnehmen m\u00f6chten, stehen Ihnen \u00fcber die nachfolgenden Kontaktdaten eine direkte Verbindung zu unserem Team zur Verf\u00fcgung. Ihre Angaben werden selbstverst\u00e4ndlich vertraulich behandelt, und durch das Ausf\u00fcllen des Formulars stellen wir sicher, dass Ihre Anfrage an den richtigen Ansprechpartner weitergeleitet wird. Telefon + 34 652 527 033 E-mail info@immovess.es Adresse Carrer de Col\u00f3n, 4 L\u2019Eixample ...","og_url":"https:\/\/www.immovess.es\/de\/ihr-kontakt-zu-uns\/","og_site_name":"immovess","article_modified_time":"2026-01-15T12:16:40+00:00","twitter_card":"summary_large_image","twitter_misc":{"Gesch\u00e4tzte Lesezeit":"1\u00a0Minute"},"schema":{"@context":"https:\/\/schema.org","@graph":[{"@type":"WebPage","@id":"https:\/\/www.immovess.es\/de\/ihr-kontakt-zu-uns\/","url":"https:\/\/www.immovess.es\/de\/ihr-kontakt-zu-uns\/","name":"Ihr Kontakt zu uns - immovess","isPartOf":{"@id":"https:\/\/www.immovess.es\/de\/#website"},"datePublished":"2026-01-02T16:48:33+00:00","dateModified":"2026-01-15T12:16:40+00:00","breadcrumb":{"@id":"https:\/\/www.immovess.es\/de\/ihr-kontakt-zu-uns\/#breadcrumb"},"inLanguage":"de","potentialAction":[{"@type":"ReadAction","target":["https:\/\/www.immovess.es\/de\/ihr-kontakt-zu-uns\/"]}]},{"@type":"BreadcrumbList","@id":"https:\/\/www.immovess.es\/de\/ihr-kontakt-zu-uns\/#breadcrumb","itemListElement":[{"@type":"ListItem","position":1,"name":"Portada","item":"https:\/\/www.immovess.es\/de\/"},{"@type":"ListItem","position":2,"name":"Ihr Kontakt zu uns"}]},{"@type":"WebSite","@id":"https:\/\/www.immovess.es\/de\/#website","url":"https:\/\/www.immovess.es\/de\/","name":"immovess","description":"","potentialAction":[{"@type":"SearchAction","target":{"@type":"EntryPoint","urlTemplate":"https:\/\/www.immovess.es\/de\/?s={search_term_string}"},"query-input":{"@type":"PropertyValueSpecification","valueRequired":true,"valueName":"search_term_string"}}],"inLanguage":"de"}]}},"rttpg_featured_image_url":null,"rttpg_author":{"display_name":"a_immovess_251","author_link":"https:\/\/www.immovess.es\/de\/author\/a_immovess_251\/"},"rttpg_comment":0,"rttpg_category":" <a href=\"https:\/\/www.immovess.es\/de\/?taxonomy=translation_priority&#038;term=optional-de\" rel=\"tag\">Optional<\/a>","rttpg_excerpt":"Ihr Kontakt zu uns Wenn Sie Fragen haben oder Kontakt aufnehmen m\u00f6chten, stehen Ihnen \u00fcber die nachfolgenden Kontaktdaten eine direkte Verbindung zu unserem Team zur Verf\u00fcgung. Ihre Angaben werden selbstverst\u00e4ndlich vertraulich behandelt, und durch das Ausf\u00fcllen des Formulars stellen wir sicher, dass Ihre Anfrage an den richtigen Ansprechpartner weitergeleitet wird. Telefon + 34 652 527&hellip;","_links":{"self":[{"href":"https:\/\/www.immovess.es\/de\/wp-json\/wp\/v2\/pages\/37810","targetHints":{"allow":["GET"]}}],"collection":[{"href":"https:\/\/www.immovess.es\/de\/wp-json\/wp\/v2\/pages"}],"about":[{"href":"https:\/\/www.immovess.es\/de\/wp-json\/wp\/v2\/types\/page"}],"author":[{"embeddable":true,"href":"https:\/\/www.immovess.es\/de\/wp-json\/wp\/v2\/users\/1"}],"replies":[{"embeddable":true,"href":"https:\/\/www.immovess.es\/de\/wp-json\/wp\/v2\/comments?post=37810"}],"version-history":[{"count":7,"href":"https:\/\/www.immovess.es\/de\/wp-json\/wp\/v2\/pages\/37810\/revisions"}],"predecessor-version":[{"id":42274,"href":"https:\/\/www.immovess.es\/de\/wp-json\/wp\/v2\/pages\/37810\/revisions\/42274"}],"wp:attachment":[{"href":"https:\/\/www.immovess.es\/de\/wp-json\/wp\/v2\/media?parent=37810"}],"curies":[{"name":"wp","href":"https:\/\/api.w.org\/{rel}","templated":true}]}}