{"id":36728,"date":"2025-12-23T15:27:10","date_gmt":"2025-12-23T15:27:10","guid":{"rendered":"https:\/\/www.immovess.es\/politica-de-privacidad\/"},"modified":"2026-01-27T07:59:54","modified_gmt":"2026-01-27T07:59:54","slug":"datenschutzbestimmungen","status":"publish","type":"page","link":"https:\/\/www.immovess.es\/de\/datenschutzbestimmungen\/","title":{"rendered":"Datenschutzbestimmungen"},"content":{"rendered":"\t\t<div data-elementor-type=\"wp-page\" data-elementor-id=\"36728\" class=\"elementor elementor-36728 elementor-33559\">\n\t\t\t\t\t\t<section class=\"elementor-section elementor-top-section elementor-element elementor-element-f48fd7d single-content-page elementor-section-boxed elementor-section-height-default elementor-section-height-default wpr-particle-no wpr-jarallax-no wpr-parallax-no wpr-sticky-section-no\" data-id=\"f48fd7d\" data-element_type=\"section\">\n\t\t\t\t\t\t<div class=\"elementor-container elementor-column-gap-default\">\n\t\t\t\t\t<div class=\"elementor-column elementor-col-100 elementor-top-column elementor-element elementor-element-19b3c4c\" data-id=\"19b3c4c\" data-element_type=\"column\">\n\t\t\t<div class=\"elementor-widget-wrap elementor-element-populated\">\n\t\t\t\t\t\t<div class=\"elementor-element elementor-element-ad6f4d6 elementor-widget elementor-widget-text-editor\" data-id=\"ad6f4d6\" data-element_type=\"widget\" data-widget_type=\"text-editor.default\">\n\t\t\t\t<div class=\"elementor-widget-container\">\n\t\t\t\t\t\t\t\t\t<h2>DATENSCHUTZERKL\u00c4RUNG DER WEBSITE<\/h2><h4 style=\"text-align: left;\"><span class=\"blanc-space ng-binding\">www.immovess.es<\/span><\/h4><h4>I. DATENSCHUTZRICHTLINIE UND DATENSCHUTZ<\/h4><p>Unter Beachtung der geltenden Gesetzgebung verpflichtet sich <span class=\"blanc-space ng-binding\">immovess<\/span> (im Folgenden ebenfalls Website genannt), die erforderlichen technischen und organisatorischen Ma\u00dfnahmen zu ergreifen, entsprechend dem dem Risiko der erhobenen Daten angemessenen Sicherheitsniveau.<\/p><h4>Gesetze, die diese Datenschutzerkl\u00e4rung einbezieht<\/h4><p>Diese Datenschutzerkl\u00e4rung ist an die geltenden spanischen und europ\u00e4ischen Vorschriften zum Schutz personenbezogener Daten im Internet angepasst. Insbesondere werden folgende Rechtsvorschriften eingehalten:<\/p><ul><li>Die Verordnung (EU) 2016\/679 des Europ\u00e4ischen Parlaments und des Rates vom 27. April 2016 zum Schutz nat\u00fcrlicher Personen bei der Verarbeitung personenbezogener Daten und zum freien Datenverkehr (DSGVO).<\/li><li>Das Organgesetz 3\/2018 vom 5. Dezember \u00fcber den Schutz personenbezogener Daten und die Gew\u00e4hrleistung digitaler Rechte (LOPD-GDD).<\/li><li>Das K\u00f6nigliche Dekret 1720\/2007 vom 21. Dezember zur Genehmigung der Durchf\u00fchrungsverordnung des Organgesetzes 15\/1999 vom 13. Dezember \u00fcber den Schutz personenbezogener Daten (RDLOPD).<\/li><li>Das Gesetz 34\/2002 vom 11. Juli \u00fcber Dienste der Informationsgesellschaft und den elektronischen Gesch\u00e4ftsverkehr (LSSI-CE).<\/li><\/ul><h4>Identit\u00e4t des Verantwortlichen f\u00fcr die Verarbeitung personenbezogener Daten<\/h4><p class=\"\">Verantwortlicher f\u00fcr die Verarbeitung der auf <span class=\"blanc-space ng-binding\">immovess<\/span> erhobenen personenbezogenen Daten ist:<br \/><span class=\"blanc-space ng-binding\">Immovess Consultores Inmobiliarios S.L.U.<\/span>, mit NIF\/CIF: <span class=\"blanc-space ng-binding\">B26628529<\/span>, eingetragen im <span class=\"blanc-space ng-binding\">Handelsregister von Valencia<\/span> mit folgenden Registerdaten: <span class=\"blanc-space ng-binding\">Blatt V-231565 IRUS: 1000465335877 Elektronischer Band Elektronisches Folio<\/span>, vertreten durch <span class=\"blanc-space ng-binding\">Stefan Alram <\/span>(im Folgenden Verantwortlicher f\u00fcr die Verarbeitung). Die Kontaktdaten lauten:<\/p><p>Adresse: <span class=\"blanc-space ng-binding\">Calle Col\u00f3n 4, 46004 Valencia<\/span><br \/>Telefon: <span class=\"blanc-space ng-binding\">652527033<\/span><br \/>E-Mail: <span class=\"blanc-space ng-binding\">info@immovess.es<\/span><\/p><h4>Register f\u00fcr personenbezogene Daten<\/h4><p>Gem\u00e4\u00df der DSGVO und der LOPD-GDD informieren wir Sie dar\u00fcber, dass die von<br \/><span class=\"blanc-space ng-binding\">immovess<\/span> \u00fcber die auf ihren Seiten bereitgestellten Formulare erhobenen personenbezogenen Daten in unsere Dateien aufgenommen und verarbeitet werden, um die zwischen<br \/><span class=\"blanc-space ng-binding\">immovess<\/span> und dem Nutzer eingegangenen Verpflichtungen zu erleichtern, zu beschleunigen und zu erf\u00fcllen oder die durch die vom Nutzer ausgef\u00fcllten Formulare begr\u00fcndete Beziehung aufrechtzuerhalten oder eine Anfrage bzw. ein Anliegen zu bearbeiten.<br \/>Ebenso wird gem\u00e4\u00df DSGVO und LOPD-GDD \u2013 sofern nicht die in Artikel 30.5 DSGVO vorgesehene Ausnahme greift \u2013 ein Verzeichnis der Verarbeitungst\u00e4tigkeiten gef\u00fchrt, in dem je nach Zweck die durchgef\u00fchrten Verarbeitungst\u00e4tigkeiten sowie die weiteren in der DSGVO vorgesehenen Umst\u00e4nde festgehalten werden.<\/p><h4>Grunds\u00e4tze f\u00fcr die Verarbeitung personenbezogener Daten<\/h4><p>Die Verarbeitung personenbezogener Daten des Nutzers unterliegt den folgenden Grunds\u00e4tzen gem\u00e4\u00df Artikel 5 DSGVO sowie Artikel 4 ff. des Organgesetzes 3\/2018 vom 5. Dezember:<\/p><ul><li>Grundsatz der Rechtm\u00e4\u00dfigkeit, Verarbeitung nach Treu und Glauben und Transparenz: Die Einwilligung des Nutzers wird jederzeit nach vollst\u00e4ndig transparenter Information \u00fcber die Zwecke der Datenerhebung eingeholt.<\/li><li>Grundsatz der Zweckbindung: Personenbezogene Daten werden f\u00fcr festgelegte, eindeutige und legitime Zwecke erhoben.<\/li><li>Grundsatz der Datenminimierung: Es werden nur diejenigen personenbezogenen Daten erhoben, die f\u00fcr die Zwecke der Verarbeitung unbedingt erforderlich sind.<\/li><li>Grundsatz der Richtigkeit: Personenbezogene Daten m\u00fcssen sachlich richtig und auf dem neuesten Stand sein.<\/li><li>Grundsatz der Speicherbegrenzung: Personenbezogene Daten werden nur so lange gespeichert, wie es f\u00fcr die Zwecke der Verarbeitung erforderlich ist.<\/li><li>Grundsatz der Integrit\u00e4t und Vertraulichkeit: Personenbezogene Daten werden so verarbeitet, dass ihre Sicherheit und Vertraulichkeit gew\u00e4hrleistet ist.<\/li><li>Grundsatz der Rechenschaftspflicht: Der Verantwortliche stellt die Einhaltung der vorgenannten Grunds\u00e4tze sicher.<\/li><\/ul><h4>Kategorien personenbezogener Daten<\/h4><p>Die von <span class=\"blanc-space ng-binding\">immovess<\/span> verarbeiteten Datenkategorien beschr\u00e4nken sich ausschlie\u00dflich auf Identifikationsdaten. In keinem Fall werden besondere Kategorien personenbezogener Daten im Sinne von Artikel 9 DSGVO verarbeitet.<\/p><h4>Rechtsgrundlage f\u00fcr die Verarbeitung personenbezogener Daten<\/h4><p>Die Rechtsgrundlage f\u00fcr die Verarbeitung personenbezogener Daten ist die Einwilligung.<br \/><span class=\"blanc-space ng-binding\">immovess<\/span> verpflichtet sich, die ausdr\u00fcckliche und \u00fcberpr\u00fcfbare Einwilligung des Nutzers f\u00fcr die Verarbeitung seiner personenbezogenen Daten f\u00fcr einen oder mehrere spezifische Zwecke einzuholen.<\/p><p>Der Nutzer hat das Recht, seine Einwilligung jederzeit zu widerrufen. Der Widerruf der Einwilligung ist ebenso einfach wie deren Erteilung. In der Regel hat der Widerruf der Einwilligung keinen Einfluss auf die Nutzung der Website.<\/p><p>Wenn der Nutzer seine Daten \u00fcber Formulare zur Kontaktaufnahme, Informationsanfrage oder aus Gr\u00fcnden im Zusammenhang mit den Inhalten der Website angeben muss oder kann, wird er dar\u00fcber informiert, ob das Ausf\u00fcllen bestimmter Felder verpflichtend ist, da diese f\u00fcr die ordnungsgem\u00e4\u00dfe Durchf\u00fchrung des Vorgangs erforderlich sind.<\/p><h4>Zwecke der Verarbeitung personenbezogener Daten<\/h4><p>Personenbezogene Daten werden von <span class=\"blanc-space ng-binding\">immovess<\/span> erhoben und verarbeitet, um die zwischen der Website und dem Nutzer bestehenden Verpflichtungen zu erleichtern, zu erf\u00fcllen und abzuwickeln, die durch ausgef\u00fcllte Formulare entstandene Beziehung aufrechtzuerhalten oder eine Anfrage bzw. ein Anliegen zu bearbeiten.<\/p><p>Dar\u00fcber hinaus k\u00f6nnen die Daten zu kommerziellen Zwecken der Personalisierung sowie zu operativen und statistischen Zwecken verwendet werden, ebenso f\u00fcr T\u00e4tigkeiten, die dem Unternehmensgegenstand von<br \/><span class=\"blanc-space ng-binding\">immovess<\/span> entsprechen, einschlie\u00dflich Datenauswertung, Datenspeicherung und Marketingstudien, um die angebotenen Inhalte an den Nutzer anzupassen und die Qualit\u00e4t, Funktionsweise und Navigation der Website zu verbessern.<\/p><h4>Aufbewahrungsdauer personenbezogener Daten<\/h4><p>Personenbezogene Daten werden nur f\u00fcr den unbedingt erforderlichen Zeitraum gespeichert und in jedem Fall nur f\u00fcr folgende Dauer:<br \/><span class=\"blanc-space ng-binding\">12 Monate<\/span>, oder bis der Nutzer deren L\u00f6schung verlangt.<\/p><h4>Empf\u00e4nger personenbezogener Daten<\/h4><p>Die personenbezogenen Daten des Nutzers werden an folgende Empf\u00e4nger oder Kategorien von Empf\u00e4ngern weitergegeben:<\/p><p class=\"text-wrap ng-binding\">google analytics ionos<\/p><h4>Personenbezogene Daten von Minderj\u00e4hrigen<\/h4><p>Gem\u00e4\u00df Artikel 8 DSGVO und Artikel 7 des Organgesetzes 3\/2018 d\u00fcrfen nur Personen \u00fcber 14 Jahre ihre Einwilligung zur rechtm\u00e4\u00dfigen Verarbeitung ihrer personenbezogenen Daten durch<br \/><span class=\"blanc-space ng-binding\">immovess<\/span> erteilen. Bei Minderj\u00e4hrigen unter 14 Jahren ist die Einwilligung der Eltern oder Erziehungsberechtigten erforderlich.<\/p><h4>Geheimhaltung und Sicherheit personenbezogener Daten<\/h4><p><span class=\"blanc-space ng-binding\">immovess<\/span> verpflichtet sich, geeignete technische und organisatorische Ma\u00dfnahmen zu ergreifen, um die Sicherheit personenbezogener Daten zu gew\u00e4hrleisten und deren unbefugten Zugriff, Verlust oder Ver\u00e4nderung zu verhindern.<\/p><p class=\"\">Die Website verf\u00fcgt \u00fcber ein SSL-Zertifikat (Secure Socket Layer), das eine sichere und verschl\u00fcsselte \u00dcbertragung personenbezogener Daten gew\u00e4hrleistet.<\/p><h4>Rechte aus der Verarbeitung personenbezogener Daten<\/h4><p>Der Nutzer verf\u00fcgt \u00fcber folgende Rechte:<\/p><ul><li><i>Auskunftsrecht<\/i><\/li><li><i>Recht auf Berichtigung<\/i><\/li><li><i>Recht auf L\u00f6schung (\u201eRecht auf Vergessenwerden\u201c)<\/i><\/li><li><i>Recht auf Einschr\u00e4nkung der Verarbeitung<\/i><\/li><li><i>Recht auf Daten\u00fcbertragbarkeit<\/i><\/li><li><i>Widerspruchsrecht<\/i><\/li><li><i>Recht, nicht einer ausschlie\u00dflich automatisierten Entscheidung einschlie\u00dflich Profiling unterworfen zu werden<\/i><\/li><\/ul><h4>Beschwerden bei der Aufsichtsbeh\u00f6rde<\/h4><p>Ist der Nutzer der Ansicht, dass ein Versto\u00df gegen die geltenden Datenschutzvorschriften vorliegt, hat er das Recht, eine Beschwerde bei der zust\u00e4ndigen Aufsichtsbeh\u00f6rde einzureichen. In Spanien ist dies die Agencia Espa\u00f1ola de Protecci\u00f3n de Datos (https:\/\/www.aepd.es\/).<\/p><h4>II. ANNAHME UND \u00c4NDERUNGEN DIESER DATENSCHUTZERKL\u00c4RUNG<\/h4><p>Die Nutzung der Website setzt die Annahme dieser Datenschutzerkl\u00e4rung voraus.<br \/><span class=\"blanc-space ng-binding\">immovess<\/span> beh\u00e4lt sich das Recht vor, diese Datenschutzerkl\u00e4rung jederzeit zu \u00e4ndern. Es wird empfohlen, diese Seite regelm\u00e4\u00dfig zu konsultieren.<\/p><p>Diese Datenschutzerkl\u00e4rung wurde zur Anpassung an die DSGVO und das Organgesetz 3\/2018 aktualisiert.<br \/>Dieses Dokument wurde am 26.01.2026 mithilfe des Generators der<br \/><a class=\"text-body text-decoration-none\" href=\"https:\/\/textos-legales.edgartamarit.com\/\">kostenlosen Vorlage f\u00fcr eine Website-Datenschutzerkl\u00e4rung<\/a> erstellt.<\/p>\t\t\t\t\t\t\t\t<\/div>\n\t\t\t\t<\/div>\n\t\t\t\t\t<\/div>\n\t\t<\/div>\n\t\t\t\t\t<\/div>\n\t\t<\/section>\n\t\t\t\t<\/div>\n\t\t","protected":false},"excerpt":{"rendered":"<p>DATENSCHUTZERKL\u00c4RUNG DER WEBSITE www.immovess.es I. DATENSCHUTZRICHTLINIE UND DATENSCHUTZ Unter Beachtung der geltenden Gesetzgebung verpflichtet sich immovess (im Folgenden ebenfalls Website genannt), die erforderlichen technischen und organisatorischen Ma\u00dfnahmen zu ergreifen, entsprechend dem dem Risiko der erhobenen Daten angemessenen Sicherheitsniveau. Gesetze, die diese Datenschutzerkl\u00e4rung einbezieht Diese Datenschutzerkl\u00e4rung ist an die geltenden spanischen und europ\u00e4ischen Vorschriften zum Schutz personenbezogener Daten im Internet angepasst. Insbesondere werden folgende Rechtsvorschriften &#8230;<\/p>\n","protected":false},"author":1,"featured_media":0,"parent":0,"menu_order":0,"comment_status":"closed","ping_status":"closed","template":"page-templates\/gdpr_terms.php","meta":{"_eb_attr":"","inline_featured_image":false,"_monsterinsights_skip_tracking":false,"_monsterinsights_sitenote_active":false,"_monsterinsights_sitenote_note":"","_monsterinsights_sitenote_category":0,"footnotes":""},"class_list":["post-36728","page","type-page","status-publish","hentry"],"yoast_head":"<!-- This site is optimized with the Yoast SEO plugin v26.6 - https:\/\/yoast.com\/wordpress\/plugins\/seo\/ -->\n<title>Datenschutzbestimmungen - immovess<\/title>\n<meta name=\"robots\" content=\"noindex, nofollow\" \/>\n<meta property=\"og:locale\" content=\"de_DE\" \/>\n<meta property=\"og:type\" content=\"article\" \/>\n<meta property=\"og:title\" content=\"Datenschutzbestimmungen - immovess\" \/>\n<meta property=\"og:description\" content=\"DATENSCHUTZERKL\u00c4RUNG DER WEBSITE www.immovess.es I. DATENSCHUTZRICHTLINIE UND DATENSCHUTZ Unter Beachtung der geltenden Gesetzgebung verpflichtet sich immovess (im Folgenden ebenfalls Website genannt), die erforderlichen technischen und organisatorischen Ma\u00dfnahmen zu ergreifen, entsprechend dem dem Risiko der erhobenen Daten angemessenen Sicherheitsniveau. Gesetze, die diese Datenschutzerkl\u00e4rung einbezieht Diese Datenschutzerkl\u00e4rung ist an die geltenden spanischen und europ\u00e4ischen Vorschriften zum Schutz personenbezogener Daten im Internet angepasst. Insbesondere werden folgende Rechtsvorschriften ...\" \/>\n<meta property=\"og:url\" content=\"https:\/\/www.immovess.es\/de\/datenschutzbestimmungen\/\" \/>\n<meta property=\"og:site_name\" content=\"immovess\" \/>\n<meta property=\"article:modified_time\" content=\"2026-01-27T07:59:54+00:00\" \/>\n<meta name=\"twitter:card\" content=\"summary_large_image\" \/>\n<meta name=\"twitter:label1\" content=\"Gesch\u00e4tzte Lesezeit\" \/>\n\t<meta name=\"twitter:data1\" content=\"5\u00a0Minute\" \/>\n<script type=\"application\/ld+json\" class=\"yoast-schema-graph\">{\"@context\":\"https:\/\/schema.org\",\"@graph\":[{\"@type\":\"WebPage\",\"@id\":\"https:\/\/www.immovess.es\/de\/datenschutzbestimmungen\/\",\"url\":\"https:\/\/www.immovess.es\/de\/datenschutzbestimmungen\/\",\"name\":\"Datenschutzbestimmungen - immovess\",\"isPartOf\":{\"@id\":\"https:\/\/www.immovess.es\/de\/#website\"},\"datePublished\":\"2025-12-23T15:27:10+00:00\",\"dateModified\":\"2026-01-27T07:59:54+00:00\",\"breadcrumb\":{\"@id\":\"https:\/\/www.immovess.es\/de\/datenschutzbestimmungen\/#breadcrumb\"},\"inLanguage\":\"de\",\"potentialAction\":[{\"@type\":\"ReadAction\",\"target\":[\"https:\/\/www.immovess.es\/de\/datenschutzbestimmungen\/\"]}]},{\"@type\":\"BreadcrumbList\",\"@id\":\"https:\/\/www.immovess.es\/de\/datenschutzbestimmungen\/#breadcrumb\",\"itemListElement\":[{\"@type\":\"ListItem\",\"position\":1,\"name\":\"Portada\",\"item\":\"https:\/\/www.immovess.es\/de\/\"},{\"@type\":\"ListItem\",\"position\":2,\"name\":\"Datenschutzbestimmungen\"}]},{\"@type\":\"WebSite\",\"@id\":\"https:\/\/www.immovess.es\/de\/#website\",\"url\":\"https:\/\/www.immovess.es\/de\/\",\"name\":\"immovess\",\"description\":\"\",\"potentialAction\":[{\"@type\":\"SearchAction\",\"target\":{\"@type\":\"EntryPoint\",\"urlTemplate\":\"https:\/\/www.immovess.es\/de\/?s={search_term_string}\"},\"query-input\":{\"@type\":\"PropertyValueSpecification\",\"valueRequired\":true,\"valueName\":\"search_term_string\"}}],\"inLanguage\":\"de\"}]}<\/script>\n<!-- \/ Yoast SEO plugin. -->","yoast_head_json":{"title":"Datenschutzbestimmungen - immovess","robots":{"index":"noindex","follow":"nofollow"},"og_locale":"de_DE","og_type":"article","og_title":"Datenschutzbestimmungen - immovess","og_description":"DATENSCHUTZERKL\u00c4RUNG DER WEBSITE www.immovess.es I. DATENSCHUTZRICHTLINIE UND DATENSCHUTZ Unter Beachtung der geltenden Gesetzgebung verpflichtet sich immovess (im Folgenden ebenfalls Website genannt), die erforderlichen technischen und organisatorischen Ma\u00dfnahmen zu ergreifen, entsprechend dem dem Risiko der erhobenen Daten angemessenen Sicherheitsniveau. Gesetze, die diese Datenschutzerkl\u00e4rung einbezieht Diese Datenschutzerkl\u00e4rung ist an die geltenden spanischen und europ\u00e4ischen Vorschriften zum Schutz personenbezogener Daten im Internet angepasst. Insbesondere werden folgende Rechtsvorschriften ...","og_url":"https:\/\/www.immovess.es\/de\/datenschutzbestimmungen\/","og_site_name":"immovess","article_modified_time":"2026-01-27T07:59:54+00:00","twitter_card":"summary_large_image","twitter_misc":{"Gesch\u00e4tzte Lesezeit":"5\u00a0Minute"},"schema":{"@context":"https:\/\/schema.org","@graph":[{"@type":"WebPage","@id":"https:\/\/www.immovess.es\/de\/datenschutzbestimmungen\/","url":"https:\/\/www.immovess.es\/de\/datenschutzbestimmungen\/","name":"Datenschutzbestimmungen - immovess","isPartOf":{"@id":"https:\/\/www.immovess.es\/de\/#website"},"datePublished":"2025-12-23T15:27:10+00:00","dateModified":"2026-01-27T07:59:54+00:00","breadcrumb":{"@id":"https:\/\/www.immovess.es\/de\/datenschutzbestimmungen\/#breadcrumb"},"inLanguage":"de","potentialAction":[{"@type":"ReadAction","target":["https:\/\/www.immovess.es\/de\/datenschutzbestimmungen\/"]}]},{"@type":"BreadcrumbList","@id":"https:\/\/www.immovess.es\/de\/datenschutzbestimmungen\/#breadcrumb","itemListElement":[{"@type":"ListItem","position":1,"name":"Portada","item":"https:\/\/www.immovess.es\/de\/"},{"@type":"ListItem","position":2,"name":"Datenschutzbestimmungen"}]},{"@type":"WebSite","@id":"https:\/\/www.immovess.es\/de\/#website","url":"https:\/\/www.immovess.es\/de\/","name":"immovess","description":"","potentialAction":[{"@type":"SearchAction","target":{"@type":"EntryPoint","urlTemplate":"https:\/\/www.immovess.es\/de\/?s={search_term_string}"},"query-input":{"@type":"PropertyValueSpecification","valueRequired":true,"valueName":"search_term_string"}}],"inLanguage":"de"}]}},"rttpg_featured_image_url":null,"rttpg_author":{"display_name":"a_immovess_251","author_link":"https:\/\/www.immovess.es\/de\/author\/a_immovess_251\/"},"rttpg_comment":0,"rttpg_category":" <a href=\"https:\/\/www.immovess.es\/de\/?taxonomy=translation_priority&#038;term=optional-de\" rel=\"tag\">Optional<\/a>","rttpg_excerpt":"DATENSCHUTZERKL\u00c4RUNG DER WEBSITE www.immovess.es I. DATENSCHUTZRICHTLINIE UND DATENSCHUTZ Unter Beachtung der geltenden Gesetzgebung verpflichtet sich immovess (im Folgenden ebenfalls Website genannt), die erforderlichen technischen und organisatorischen Ma\u00dfnahmen zu ergreifen, entsprechend dem dem Risiko der erhobenen Daten angemessenen Sicherheitsniveau. Gesetze, die diese Datenschutzerkl\u00e4rung einbezieht Diese Datenschutzerkl\u00e4rung ist an die geltenden spanischen und europ\u00e4ischen Vorschriften zum Schutz&hellip;","_links":{"self":[{"href":"https:\/\/www.immovess.es\/de\/wp-json\/wp\/v2\/pages\/36728","targetHints":{"allow":["GET"]}}],"collection":[{"href":"https:\/\/www.immovess.es\/de\/wp-json\/wp\/v2\/pages"}],"about":[{"href":"https:\/\/www.immovess.es\/de\/wp-json\/wp\/v2\/types\/page"}],"author":[{"embeddable":true,"href":"https:\/\/www.immovess.es\/de\/wp-json\/wp\/v2\/users\/1"}],"replies":[{"embeddable":true,"href":"https:\/\/www.immovess.es\/de\/wp-json\/wp\/v2\/comments?post=36728"}],"version-history":[{"count":8,"href":"https:\/\/www.immovess.es\/de\/wp-json\/wp\/v2\/pages\/36728\/revisions"}],"predecessor-version":[{"id":44048,"href":"https:\/\/www.immovess.es\/de\/wp-json\/wp\/v2\/pages\/36728\/revisions\/44048"}],"wp:attachment":[{"href":"https:\/\/www.immovess.es\/de\/wp-json\/wp\/v2\/media?parent=36728"}],"curies":[{"name":"wp","href":"https:\/\/api.w.org\/{rel}","templated":true}]}}